{"id":11106,"date":"2024-07-05T01:23:44","date_gmt":"2024-07-04T22:23:44","guid":{"rendered":"https:\/\/akkayaotomotiv.com.tr\/?page_id=11106"},"modified":"2024-09-18T01:25:14","modified_gmt":"2024-09-17T22:25:14","slug":"fae-yedek-parca","status":"publish","type":"page","link":"https:\/\/akkayaotomotiv.com.tr\/index.php\/fae-yedek-parca\/","title":{"rendered":"Fae Yedek Par\u00e7a"},"content":{"rendered":"\t\t<div data-elementor-type=\"wp-page\" data-elementor-id=\"11106\" class=\"elementor elementor-11106\" data-elementor-post-type=\"page\">\n\t\t\t\t\t\t<section class=\"wd-negative-gap elementor-section elementor-top-section elementor-element elementor-element-30f4b337 elementor-section-content-middle wd-section-stretch elementor-section-height-min-height elementor-section-boxed elementor-section-height-default elementor-section-items-middle\" data-id=\"30f4b337\" data-element_type=\"section\" data-settings=\"{&quot;background_background&quot;:&quot;classic&quot;}\">\n\t\t\t\t\t\t\t<div class=\"elementor-background-overlay\"><\/div>\n\t\t\t\t\t\t\t<div class=\"elementor-container elementor-column-gap-default\">\n\t\t\t\t\t<div class=\"elementor-column elementor-col-100 elementor-top-column elementor-element elementor-element-709130a2\" data-id=\"709130a2\" data-element_type=\"column\">\n\t\t\t<div class=\"elementor-widget-wrap elementor-element-populated\">\n\t\t\t\t\t\t\t<\/div>\n\t\t<\/div>\n\t\t\t\t\t<\/div>\n\t\t<\/section>\n\t\t\t\t<section class=\"wd-negative-gap elementor-section elementor-top-section elementor-element elementor-element-9dcaf7b wd-section-stretch elementor-section-boxed elementor-section-height-default elementor-section-height-default\" data-id=\"9dcaf7b\" data-element_type=\"section\">\n\t\t\t\t\t\t<div class=\"elementor-container elementor-column-gap-default\">\n\t\t\t\t\t<div class=\"elementor-column elementor-col-50 elementor-top-column elementor-element elementor-element-e3f0f89\" data-id=\"e3f0f89\" data-element_type=\"column\">\n\t\t\t<div class=\"elementor-widget-wrap elementor-element-populated\">\n\t\t\t\t\t\t<div class=\"elementor-element elementor-element-6fe2c2a elementor-widget elementor-widget-image\" data-id=\"6fe2c2a\" data-element_type=\"widget\" data-widget_type=\"image.default\">\n\t\t\t\t<div class=\"elementor-widget-container\">\n\t\t\t\t\t\t\t\t\t\t\t\t\t<img fetchpriority=\"high\" decoding=\"async\" width=\"530\" height=\"254\" src=\"https:\/\/akkayaotomotiv.com.tr\/wp-content\/uploads\/2024\/09\/fae-1.jpg\" class=\"attachment-large size-large wp-image-11197\" alt=\"\" srcset=\"https:\/\/akkayaotomotiv.com.tr\/wp-content\/uploads\/2024\/09\/fae-1.jpg 530w, https:\/\/akkayaotomotiv.com.tr\/wp-content\/uploads\/2024\/09\/fae-1-400x192.jpg 400w\" sizes=\"(max-width: 530px) 100vw, 530px\" \/>\t\t\t\t\t\t\t\t\t\t\t\t\t<\/div>\n\t\t\t\t<\/div>\n\t\t\t\t<div class=\"elementor-element elementor-element-340f457 elementor-widget elementor-widget-image\" data-id=\"340f457\" data-element_type=\"widget\" data-widget_type=\"image.default\">\n\t\t\t\t<div class=\"elementor-widget-container\">\n\t\t\t\t\t\t\t\t\t\t\t\t\t<img decoding=\"async\" width=\"500\" height=\"500\" src=\"https:\/\/akkayaotomotiv.com.tr\/wp-content\/uploads\/2024\/07\/fae-yedek-parca-1.jpg\" class=\"attachment-large size-large wp-image-11114\" alt=\"\" srcset=\"https:\/\/akkayaotomotiv.com.tr\/wp-content\/uploads\/2024\/07\/fae-yedek-parca-1.jpg 500w, https:\/\/akkayaotomotiv.com.tr\/wp-content\/uploads\/2024\/07\/fae-yedek-parca-1-300x300.jpg 300w, https:\/\/akkayaotomotiv.com.tr\/wp-content\/uploads\/2024\/07\/fae-yedek-parca-1-150x150.jpg 150w\" sizes=\"(max-width: 500px) 100vw, 500px\" \/>\t\t\t\t\t\t\t\t\t\t\t\t\t<\/div>\n\t\t\t\t<\/div>\n\t\t\t\t\t<\/div>\n\t\t<\/div>\n\t\t\t\t<div class=\"elementor-column elementor-col-50 elementor-top-column elementor-element elementor-element-8aded48\" data-id=\"8aded48\" data-element_type=\"column\">\n\t\t\t<div class=\"elementor-widget-wrap elementor-element-populated\">\n\t\t\t\t\t\t<div class=\"elementor-element elementor-element-36d8e27 elementor-widget elementor-widget-wd_text_block\" data-id=\"36d8e27\" data-element_type=\"widget\" data-widget_type=\"wd_text_block.default\">\n\t\t\t\t<div class=\"elementor-widget-container\">\n\t\t\t\t\t\t<link rel=\"stylesheet\" id=\"wd-text-block-css\" href=\"https:\/\/akkayaotomotiv.com.tr\/wp-content\/themes\/woodmart\/css\/parts\/el-text-block.min.css?ver=7.1.4\" type=\"text\/css\" media=\"all\" \/> \t\t\t\t\t<div class=\"wd-text-block reset-last-child text-left\">\n\t\t\t\n\t\t\t<h3>FAE: Kaliteli ve G\u00fcvenilir Yedek Par\u00e7alar\u0131n Lideri<\/h3><p>FAE, otomotiv sekt\u00f6r\u00fcnde OEM kalitesinde elektrik ve elektronik bile\u015fenler \u00fcreten \u00f6nc\u00fc bir firmad\u0131r. 1952 y\u0131l\u0131nda Barselona'da kurulan \u015firket, Francisco Albero ve Rosa Llovensa taraf\u0131ndan mekanik bir at\u00f6lye olarak ba\u015flad\u0131. Ba\u015flang\u0131\u00e7ta hasarl\u0131 par\u00e7alar\u0131 tamir ederek ikinci el pazarda sat\u0131\u015fa sunan FAE, zamanla kendi \u00fcretimine y\u00f6nelerek sekt\u00f6rdeki \u00f6nemli bir oyuncu haline geldi.<\/p><p>FAE'nin \u00fcr\u00fcn yelpazesi, motor y\u00f6netimi ve di\u011fer sens\u00f6rlerden, \u0131s\u0131 y\u00f6netimi ve ate\u015fleme sistemlerine kadar geni\u015f bir alan\u0131 kapsamaktad\u0131r. Her bir \u00fcr\u00fcn, en son teknolojiyle birle\u015ftirilmi\u015f m\u00fckemmel i\u015f\u00e7ilik ve y\u00fcksek kalite standartlar\u0131yla \u00fcretilmektedir. \u015eirket, m\u00fc\u015fteri odakl\u0131 yakla\u015f\u0131m\u0131yla \u00f6ne \u00e7\u0131kmakta ve her m\u00fc\u015fterinin \u00f6zel ihtiya\u00e7lar\u0131na uygun \u00e7\u00f6z\u00fcmler sunmaktad\u0131r.<\/p><p>FAE'nin ba\u015far\u0131 \u00f6yk\u00fcs\u00fc, k\u00fc\u00e7\u00fck bir at\u00f6lyeden uluslararas\u0131 pazarda tan\u0131nan bir markaya d\u00f6n\u00fc\u015f\u00fcm\u00fcn simgesidir. G\u00fcn\u00fcm\u00fczde FAE, d\u00fcnya \u00e7ap\u0131nda bir\u00e7ok otomotiv \u00fcreticisi ve yedek par\u00e7a tedarik\u00e7isi i\u00e7in g\u00fcvenilir bir i\u015f orta\u011f\u0131 konumundad\u0131r.<\/p>\n\t\t\t\t\t<\/div>\n\t\t\t\t<\/div>\n\t\t\t\t<\/div>\n\t\t\t\t\t<\/div>\n\t\t<\/div>\n\t\t\t\t\t<\/div>\n\t\t<\/section>\n\t\t\t\t<section class=\"wd-negative-gap elementor-section elementor-top-section elementor-element elementor-element-b3f038c wd-section-stretch elementor-section-boxed elementor-section-height-default elementor-section-height-default\" data-id=\"b3f038c\" data-element_type=\"section\">\n\t\t\t\t\t\t<div class=\"elementor-container elementor-column-gap-default\">\n\t\t\t\t\t<div class=\"elementor-column elementor-col-100 elementor-top-column elementor-element elementor-element-92309a2\" data-id=\"92309a2\" data-element_type=\"column\">\n\t\t\t<div class=\"elementor-widget-wrap elementor-element-populated\">\n\t\t\t\t\t\t<div class=\"elementor-element elementor-element-a192ff6 elementor-widget elementor-widget-image-gallery\" data-id=\"a192ff6\" data-element_type=\"widget\" data-widget_type=\"image-gallery.default\">\n\t\t\t\t<div class=\"elementor-widget-container\">\n\t\t\t\t\t<div class=\"elementor-image-gallery\">\n\t\t\t\t\t\t<link rel=\"stylesheet\" id=\"wd-mfp-popup-css\" href=\"https:\/\/akkayaotomotiv.com.tr\/wp-content\/themes\/woodmart\/css\/parts\/lib-magnific-popup.min.css?ver=7.1.4\" type=\"text\/css\" media=\"all\" \/> \t\t\t\n\t\t<style type=\"text\/css\">\n\t\t\t#gallery-1 {\n\t\t\t\tmargin: auto;\n\t\t\t}\n\t\t\t#gallery-1 .gallery-item {\n\t\t\t\tfloat: left;\n\t\t\t\tmargin-top: 10px;\n\t\t\t\ttext-align: center;\n\t\t\t\twidth: 25%;\n\t\t\t}\n\t\t\t#gallery-1 img {\n\t\t\t\tborder: 2px solid #cfcfcf;\n\t\t\t}\n\t\t\t#gallery-1 .gallery-caption {\n\t\t\t\tmargin-left: 0;\n\t\t\t}\n\t\t\t\/* see gallery_shortcode() in wp-includes\/media.php *\/\n\t\t<\/style>\n\t\t<div id='gallery-1' class='gallery galleryid-11106 gallery-columns-4 gallery-size-full'><dl class='gallery-item'>\n\t\t\t<dt class='gallery-icon landscape'>\n\t\t\t\t<a data-elementor-open-lightbox=\"yes\" data-elementor-lightbox-slideshow=\"a192ff6\" data-elementor-lightbox-title=\"FAE-79241\" data-e-action-hash=\"#elementor-action%3Aaction%3Dlightbox%26settings%3DeyJpZCI6MTEyMDUsInVybCI6Imh0dHBzOlwvXC9ha2theWFvdG9tb3Rpdi5jb20udHJcL3dwLWNvbnRlbnRcL3VwbG9hZHNcLzIwMjRcLzA5XC9GQUUtNzkyNDEuanBnIiwic2xpZGVzaG93IjoiYTE5MmZmNiJ9\" href='https:\/\/akkayaotomotiv.com.tr\/wp-content\/uploads\/2024\/09\/FAE-79241.jpg'><img decoding=\"async\" width=\"340\" height=\"272\" src=\"https:\/\/akkayaotomotiv.com.tr\/wp-content\/uploads\/2024\/09\/FAE-79241.jpg\" class=\"attachment-full size-full\" alt=\"\" \/><\/a>\n\t\t\t<\/dt><\/dl><dl class='gallery-item'>\n\t\t\t<dt class='gallery-icon landscape'>\n\t\t\t\t<a data-elementor-open-lightbox=\"yes\" data-elementor-lightbox-slideshow=\"a192ff6\" data-elementor-lightbox-title=\"FAE-37250\" data-e-action-hash=\"#elementor-action%3Aaction%3Dlightbox%26settings%3DeyJpZCI6MTEyMDYsInVybCI6Imh0dHBzOlwvXC9ha2theWFvdG9tb3Rpdi5jb20udHJcL3dwLWNvbnRlbnRcL3VwbG9hZHNcLzIwMjRcLzA5XC9GQUUtMzcyNTAuanBnIiwic2xpZGVzaG93IjoiYTE5MmZmNiJ9\" href='https:\/\/akkayaotomotiv.com.tr\/wp-content\/uploads\/2024\/09\/FAE-37250.jpg'><img loading=\"lazy\" decoding=\"async\" width=\"338\" height=\"274\" src=\"https:\/\/akkayaotomotiv.com.tr\/wp-content\/uploads\/2024\/09\/FAE-37250.jpg\" class=\"attachment-full size-full\" alt=\"\" \/><\/a>\n\t\t\t<\/dt><\/dl><dl class='gallery-item'>\n\t\t\t<dt class='gallery-icon landscape'>\n\t\t\t\t<a data-elementor-open-lightbox=\"yes\" data-elementor-lightbox-slideshow=\"a192ff6\" data-elementor-lightbox-title=\"FAE-33150\" data-e-action-hash=\"#elementor-action%3Aaction%3Dlightbox%26settings%3DeyJpZCI6MTEyMDcsInVybCI6Imh0dHBzOlwvXC9ha2theWFvdG9tb3Rpdi5jb20udHJcL3dwLWNvbnRlbnRcL3VwbG9hZHNcLzIwMjRcLzA5XC9GQUUtMzMxNTAuanBnIiwic2xpZGVzaG93IjoiYTE5MmZmNiJ9\" href='https:\/\/akkayaotomotiv.com.tr\/wp-content\/uploads\/2024\/09\/FAE-33150.jpg'><img loading=\"lazy\" decoding=\"async\" width=\"340\" height=\"272\" src=\"https:\/\/akkayaotomotiv.com.tr\/wp-content\/uploads\/2024\/09\/FAE-33150.jpg\" class=\"attachment-full size-full\" alt=\"\" \/><\/a>\n\t\t\t<\/dt><\/dl><dl class='gallery-item'>\n\t\t\t<dt class='gallery-icon landscape'>\n\t\t\t\t<a data-elementor-open-lightbox=\"yes\" data-elementor-lightbox-slideshow=\"a192ff6\" data-elementor-lightbox-title=\"FAE-79466\" data-e-action-hash=\"#elementor-action%3Aaction%3Dlightbox%26settings%3DeyJpZCI6MTEyMDgsInVybCI6Imh0dHBzOlwvXC9ha2theWFvdG9tb3Rpdi5jb20udHJcL3dwLWNvbnRlbnRcL3VwbG9hZHNcLzIwMjRcLzA5XC9GQUUtNzk0NjYuanBnIiwic2xpZGVzaG93IjoiYTE5MmZmNiJ9\" href='https:\/\/akkayaotomotiv.com.tr\/wp-content\/uploads\/2024\/09\/FAE-79466.jpg'><img loading=\"lazy\" decoding=\"async\" width=\"339\" height=\"274\" src=\"https:\/\/akkayaotomotiv.com.tr\/wp-content\/uploads\/2024\/09\/FAE-79466.jpg\" class=\"attachment-full size-full\" alt=\"\" \/><\/a>\n\t\t\t<\/dt><\/dl><br style=\"clear: both\" \/><dl class='gallery-item'>\n\t\t\t<dt class='gallery-icon landscape'>\n\t\t\t\t<a data-elementor-open-lightbox=\"yes\" data-elementor-lightbox-slideshow=\"a192ff6\" data-elementor-lightbox-title=\"FAE-18503\" data-e-action-hash=\"#elementor-action%3Aaction%3Dlightbox%26settings%3DeyJpZCI6MTEyMDksInVybCI6Imh0dHBzOlwvXC9ha2theWFvdG9tb3Rpdi5jb20udHJcL3dwLWNvbnRlbnRcL3VwbG9hZHNcLzIwMjRcLzA5XC9GQUUtMTg1MDMuanBnIiwic2xpZGVzaG93IjoiYTE5MmZmNiJ9\" href='https:\/\/akkayaotomotiv.com.tr\/wp-content\/uploads\/2024\/09\/FAE-18503.jpg'><img loading=\"lazy\" decoding=\"async\" width=\"338\" height=\"274\" src=\"https:\/\/akkayaotomotiv.com.tr\/wp-content\/uploads\/2024\/09\/FAE-18503.jpg\" class=\"attachment-full size-full\" alt=\"\" \/><\/a>\n\t\t\t<\/dt><\/dl><dl class='gallery-item'>\n\t\t\t<dt class='gallery-icon landscape'>\n\t\t\t\t<a data-elementor-open-lightbox=\"yes\" data-elementor-lightbox-slideshow=\"a192ff6\" data-elementor-lightbox-title=\"FAE-56026\" data-e-action-hash=\"#elementor-action%3Aaction%3Dlightbox%26settings%3DeyJpZCI6MTEyMTAsInVybCI6Imh0dHBzOlwvXC9ha2theWFvdG9tb3Rpdi5jb20udHJcL3dwLWNvbnRlbnRcL3VwbG9hZHNcLzIwMjRcLzA5XC9GQUUtNTYwMjYuanBnIiwic2xpZGVzaG93IjoiYTE5MmZmNiJ9\" href='https:\/\/akkayaotomotiv.com.tr\/wp-content\/uploads\/2024\/09\/FAE-56026.jpg'><img loading=\"lazy\" decoding=\"async\" width=\"339\" height=\"274\" src=\"https:\/\/akkayaotomotiv.com.tr\/wp-content\/uploads\/2024\/09\/FAE-56026.jpg\" class=\"attachment-full size-full\" alt=\"\" \/><\/a>\n\t\t\t<\/dt><\/dl><dl class='gallery-item'>\n\t\t\t<dt class='gallery-icon landscape'>\n\t\t\t\t<a data-elementor-open-lightbox=\"yes\" data-elementor-lightbox-slideshow=\"a192ff6\" data-elementor-lightbox-title=\"FAE-76006\" data-e-action-hash=\"#elementor-action%3Aaction%3Dlightbox%26settings%3DeyJpZCI6MTEyMTEsInVybCI6Imh0dHBzOlwvXC9ha2theWFvdG9tb3Rpdi5jb20udHJcL3dwLWNvbnRlbnRcL3VwbG9hZHNcLzIwMjRcLzA5XC9GQUUtNzYwMDYuanBnIiwic2xpZGVzaG93IjoiYTE5MmZmNiJ9\" href='https:\/\/akkayaotomotiv.com.tr\/wp-content\/uploads\/2024\/09\/FAE-76006.jpg'><img loading=\"lazy\" decoding=\"async\" width=\"339\" height=\"274\" src=\"https:\/\/akkayaotomotiv.com.tr\/wp-content\/uploads\/2024\/09\/FAE-76006.jpg\" class=\"attachment-full size-full\" alt=\"\" \/><\/a>\n\t\t\t<\/dt><\/dl><dl class='gallery-item'>\n\t\t\t<dt class='gallery-icon landscape'>\n\t\t\t\t<a data-elementor-open-lightbox=\"yes\" data-elementor-lightbox-slideshow=\"a192ff6\" data-elementor-lightbox-title=\"FAE-15001\" data-e-action-hash=\"#elementor-action%3Aaction%3Dlightbox%26settings%3DeyJpZCI6MTEyMTIsInVybCI6Imh0dHBzOlwvXC9ha2theWFvdG9tb3Rpdi5jb20udHJcL3dwLWNvbnRlbnRcL3VwbG9hZHNcLzIwMjRcLzA5XC9GQUUtMTUwMDEuanBnIiwic2xpZGVzaG93IjoiYTE5MmZmNiJ9\" href='https:\/\/akkayaotomotiv.com.tr\/wp-content\/uploads\/2024\/09\/FAE-15001.jpg'><img loading=\"lazy\" decoding=\"async\" width=\"340\" height=\"272\" src=\"https:\/\/akkayaotomotiv.com.tr\/wp-content\/uploads\/2024\/09\/FAE-15001.jpg\" class=\"attachment-full size-full\" alt=\"\" \/><\/a>\n\t\t\t<\/dt><\/dl><br style=\"clear: both\" \/><dl class='gallery-item'>\n\t\t\t<dt class='gallery-icon landscape'>\n\t\t\t\t<a data-elementor-open-lightbox=\"yes\" data-elementor-lightbox-slideshow=\"a192ff6\" data-elementor-lightbox-title=\"FAE-12520\" data-e-action-hash=\"#elementor-action%3Aaction%3Dlightbox%26settings%3DeyJpZCI6MTEyMTMsInVybCI6Imh0dHBzOlwvXC9ha2theWFvdG9tb3Rpdi5jb20udHJcL3dwLWNvbnRlbnRcL3VwbG9hZHNcLzIwMjRcLzA5XC9GQUUtMTI1MjAuanBnIiwic2xpZGVzaG93IjoiYTE5MmZmNiJ9\" href='https:\/\/akkayaotomotiv.com.tr\/wp-content\/uploads\/2024\/09\/FAE-12520.jpg'><img loading=\"lazy\" decoding=\"async\" width=\"503\" height=\"400\" src=\"https:\/\/akkayaotomotiv.com.tr\/wp-content\/uploads\/2024\/09\/FAE-12520.jpg\" class=\"attachment-full size-full\" alt=\"\" srcset=\"https:\/\/akkayaotomotiv.com.tr\/wp-content\/uploads\/2024\/09\/FAE-12520.jpg 503w, https:\/\/akkayaotomotiv.com.tr\/wp-content\/uploads\/2024\/09\/FAE-12520-377x300.jpg 377w\" sizes=\"(max-width: 503px) 100vw, 503px\" \/><\/a>\n\t\t\t<\/dt><\/dl><dl class='gallery-item'>\n\t\t\t<dt class='gallery-icon landscape'>\n\t\t\t\t<a data-elementor-open-lightbox=\"yes\" data-elementor-lightbox-slideshow=\"a192ff6\" data-elementor-lightbox-title=\"FAE-15012\" data-e-action-hash=\"#elementor-action%3Aaction%3Dlightbox%26settings%3DeyJpZCI6MTEyMTQsInVybCI6Imh0dHBzOlwvXC9ha2theWFvdG9tb3Rpdi5jb20udHJcL3dwLWNvbnRlbnRcL3VwbG9hZHNcLzIwMjRcLzA5XC9GQUUtMTUwMTIuanBnIiwic2xpZGVzaG93IjoiYTE5MmZmNiJ9\" href='https:\/\/akkayaotomotiv.com.tr\/wp-content\/uploads\/2024\/09\/FAE-15012.jpg'><img loading=\"lazy\" decoding=\"async\" width=\"340\" height=\"272\" src=\"https:\/\/akkayaotomotiv.com.tr\/wp-content\/uploads\/2024\/09\/FAE-15012.jpg\" class=\"attachment-full size-full\" alt=\"\" \/><\/a>\n\t\t\t<\/dt><\/dl><dl class='gallery-item'>\n\t\t\t<dt class='gallery-icon landscape'>\n\t\t\t\t<a data-elementor-open-lightbox=\"yes\" data-elementor-lightbox-slideshow=\"a192ff6\" data-elementor-lightbox-title=\"FAE-16110.thumb\" data-e-action-hash=\"#elementor-action%3Aaction%3Dlightbox%26settings%3DeyJpZCI6MTEyMTUsInVybCI6Imh0dHBzOlwvXC9ha2theWFvdG9tb3Rpdi5jb20udHJcL3dwLWNvbnRlbnRcL3VwbG9hZHNcLzIwMjRcLzA5XC9GQUUtMTYxMTAudGh1bWJfLmpwZyIsInNsaWRlc2hvdyI6ImExOTJmZjYifQ%3D%3D\" href='https:\/\/akkayaotomotiv.com.tr\/wp-content\/uploads\/2024\/09\/FAE-16110.thumb_.jpg'><img loading=\"lazy\" decoding=\"async\" width=\"187\" height=\"150\" src=\"https:\/\/akkayaotomotiv.com.tr\/wp-content\/uploads\/2024\/09\/FAE-16110.thumb_.jpg\" class=\"attachment-full size-full\" alt=\"\" \/><\/a>\n\t\t\t<\/dt><\/dl><dl class='gallery-item'>\n\t\t\t<dt class='gallery-icon landscape'>\n\t\t\t\t<a data-elementor-open-lightbox=\"yes\" data-elementor-lightbox-slideshow=\"a192ff6\" data-elementor-lightbox-title=\"FAE-33850\" data-e-action-hash=\"#elementor-action%3Aaction%3Dlightbox%26settings%3DeyJpZCI6MTEyMTYsInVybCI6Imh0dHBzOlwvXC9ha2theWFvdG9tb3Rpdi5jb20udHJcL3dwLWNvbnRlbnRcL3VwbG9hZHNcLzIwMjRcLzA5XC9GQUUtMzM4NTAuanBnIiwic2xpZGVzaG93IjoiYTE5MmZmNiJ9\" href='https:\/\/akkayaotomotiv.com.tr\/wp-content\/uploads\/2024\/09\/FAE-33850.jpg'><img loading=\"lazy\" decoding=\"async\" width=\"340\" height=\"272\" src=\"https:\/\/akkayaotomotiv.com.tr\/wp-content\/uploads\/2024\/09\/FAE-33850.jpg\" class=\"attachment-full size-full\" alt=\"\" \/><\/a>\n\t\t\t<\/dt><\/dl><br style=\"clear: both\" \/><dl class='gallery-item'>\n\t\t\t<dt class='gallery-icon landscape'>\n\t\t\t\t<a data-elementor-open-lightbox=\"yes\" data-elementor-lightbox-slideshow=\"a192ff6\" data-elementor-lightbox-title=\"FAE-12430\" data-e-action-hash=\"#elementor-action%3Aaction%3Dlightbox%26settings%3DeyJpZCI6MTEyMTcsInVybCI6Imh0dHBzOlwvXC9ha2theWFvdG9tb3Rpdi5jb20udHJcL3dwLWNvbnRlbnRcL3VwbG9hZHNcLzIwMjRcLzA5XC9GQUUtMTI0MzAuanBnIiwic2xpZGVzaG93IjoiYTE5MmZmNiJ9\" href='https:\/\/akkayaotomotiv.com.tr\/wp-content\/uploads\/2024\/09\/FAE-12430.jpg'><img loading=\"lazy\" decoding=\"async\" width=\"503\" height=\"400\" src=\"https:\/\/akkayaotomotiv.com.tr\/wp-content\/uploads\/2024\/09\/FAE-12430.jpg\" class=\"attachment-full size-full\" alt=\"\" srcset=\"https:\/\/akkayaotomotiv.com.tr\/wp-content\/uploads\/2024\/09\/FAE-12430.jpg 503w, https:\/\/akkayaotomotiv.com.tr\/wp-content\/uploads\/2024\/09\/FAE-12430-377x300.jpg 377w\" sizes=\"(max-width: 503px) 100vw, 503px\" \/><\/a>\n\t\t\t<\/dt><\/dl>\n\t\t\t<br style='clear: both' \/>\n\t\t<\/div>\n\t\t<\/div>\n\t\t\t\t<\/div>\n\t\t\t\t<\/div>\n\t\t\t\t\t<\/div>\n\t\t<\/div>\n\t\t\t\t\t<\/div>\n\t\t<\/section>\n\t\t\t\t<section class=\"wd-negative-gap elementor-section elementor-top-section elementor-element elementor-element-8b06af8 wd-section-stretch elementor-section-boxed elementor-section-height-default elementor-section-height-default\" data-id=\"8b06af8\" data-element_type=\"section\">\n\t\t\t\t\t\t<div class=\"elementor-container elementor-column-gap-default\">\n\t\t\t\t\t<div class=\"elementor-column elementor-col-50 elementor-top-column elementor-element elementor-element-7bb4e9e\" data-id=\"7bb4e9e\" data-element_type=\"column\">\n\t\t\t<div class=\"elementor-widget-wrap elementor-element-populated\">\n\t\t\t\t\t\t<div class=\"elementor-element elementor-element-17236ee elementor-widget elementor-widget-wd_text_block\" data-id=\"17236ee\" data-element_type=\"widget\" data-widget_type=\"wd_text_block.default\">\n\t\t\t\t<div class=\"elementor-widget-container\">\n\t\t\t\t\t<div class=\"wd-text-block reset-last-child text-left\">\n\t\t\t\n\t\t\t<p>FAE, kalite, yenilik ve m\u00fc\u015fteri memnuniyeti odakl\u0131 yakla\u015f\u0131m\u0131yla sekt\u00f6rdeki liderli\u011fini s\u00fcrd\u00fcrmeye devam etmektedir. Gelecekte de otomotiv end\u00fcstrisinin ihtiya\u00e7lar\u0131na y\u00f6nelik \u00e7\u00f6z\u00fcmler sunarak b\u00fcy\u00fcmeye devam edece\u011fi beklenmektedir.<\/p><p><strong>Fae Marka Yedek Par\u00e7alar<\/strong><\/p><p><strong>Motor Y\u00f6netimi ve Di\u011fer Sens\u00f6rler<\/strong><\/p><p>Motorun verimli \u00e7al\u0131\u015fmas\u0131n\u0131 sa\u011flamak i\u00e7in gerekli olan sens\u00f6rler ve motor y\u00f6netim sistemleri.<\/p><p><strong>Is\u0131 Y\u00f6netimi<\/strong><\/p><p>Motor ve arac\u0131n di\u011fer sistemlerinin optimum s\u0131cakl\u0131kta \u00e7al\u0131\u015fmas\u0131n\u0131 sa\u011flayan bile\u015fenler ve sistemler.<\/p><p><strong>Ate\u015fleme Sistemi<\/strong><\/p><p>Motorun yanma odas\u0131nda yak\u0131t\u0131n do\u011fru zamanda ve do\u011fru miktarda ate\u015flenmesini sa\u011flayan sistemler.<\/p><p><strong>Anahtarlar ve Cihazlar<\/strong><\/p><p>Ara\u00e7 i\u00e7i ve d\u0131\u015f\u0131nda kullan\u0131lan anahtarlar, kontrol cihazlar\u0131 ve di\u011fer elektronik donan\u0131mlar.<\/p>\n\t\t\t\t\t<\/div>\n\t\t\t\t<\/div>\n\t\t\t\t<\/div>\n\t\t\t\t\t<\/div>\n\t\t<\/div>\n\t\t\t\t<div class=\"elementor-column elementor-col-50 elementor-top-column elementor-element elementor-element-99bfda2\" data-id=\"99bfda2\" data-element_type=\"column\">\n\t\t\t<div class=\"elementor-widget-wrap elementor-element-populated\">\n\t\t\t\t\t\t<div class=\"elementor-element elementor-element-f8f2d36 elementor-widget elementor-widget-image\" data-id=\"f8f2d36\" data-element_type=\"widget\" data-widget_type=\"image.default\">\n\t\t\t\t<div class=\"elementor-widget-container\">\n\t\t\t\t\t\t\t\t\t\t\t\t\t<img loading=\"lazy\" decoding=\"async\" width=\"500\" height=\"500\" src=\"https:\/\/akkayaotomotiv.com.tr\/wp-content\/uploads\/2024\/07\/fae-yedek-parca.jpg\" class=\"attachment-large size-large wp-image-11113\" alt=\"\" srcset=\"https:\/\/akkayaotomotiv.com.tr\/wp-content\/uploads\/2024\/07\/fae-yedek-parca.jpg 500w, https:\/\/akkayaotomotiv.com.tr\/wp-content\/uploads\/2024\/07\/fae-yedek-parca-300x300.jpg 300w, https:\/\/akkayaotomotiv.com.tr\/wp-content\/uploads\/2024\/07\/fae-yedek-parca-150x150.jpg 150w\" sizes=\"(max-width: 500px) 100vw, 500px\" \/>\t\t\t\t\t\t\t\t\t\t\t\t\t<\/div>\n\t\t\t\t<\/div>\n\t\t\t\t\t<\/div>\n\t\t<\/div>\n\t\t\t\t\t<\/div>\n\t\t<\/section>\n\t\t\t\t<\/div>\n\t\t","protected":false},"excerpt":{"rendered":"<p>FAE: Kaliteli ve G\u00fcvenilir Yedek Par\u00e7alar\u0131n Lideri FAE, otomotiv sekt\u00f6r\u00fcnde OEM kalitesinde elektrik ve elektronik bile\u015fenler \u00fcreten \u00f6nc\u00fc bir firmad\u0131r.<\/p>\n","protected":false},"author":1,"featured_media":0,"parent":0,"menu_order":0,"comment_status":"closed","ping_status":"closed","template":"","meta":{"footnotes":""},"class_list":["post-11106","page","type-page","status-publish","hentry"],"_links":{"self":[{"href":"https:\/\/akkayaotomotiv.com.tr\/index.php\/wp-json\/wp\/v2\/pages\/11106","targetHints":{"allow":["GET"]}}],"collection":[{"href":"https:\/\/akkayaotomotiv.com.tr\/index.php\/wp-json\/wp\/v2\/pages"}],"about":[{"href":"https:\/\/akkayaotomotiv.com.tr\/index.php\/wp-json\/wp\/v2\/types\/page"}],"author":[{"embeddable":true,"href":"https:\/\/akkayaotomotiv.com.tr\/index.php\/wp-json\/wp\/v2\/users\/1"}],"replies":[{"embeddable":true,"href":"https:\/\/akkayaotomotiv.com.tr\/index.php\/wp-json\/wp\/v2\/comments?post=11106"}],"version-history":[{"count":13,"href":"https:\/\/akkayaotomotiv.com.tr\/index.php\/wp-json\/wp\/v2\/pages\/11106\/revisions"}],"predecessor-version":[{"id":11220,"href":"https:\/\/akkayaotomotiv.com.tr\/index.php\/wp-json\/wp\/v2\/pages\/11106\/revisions\/11220"}],"wp:attachment":[{"href":"https:\/\/akkayaotomotiv.com.tr\/index.php\/wp-json\/wp\/v2\/media?parent=11106"}],"curies":[{"name":"wp","href":"https:\/\/api.w.org\/{rel}","templated":true}]}}