{"id":10972,"date":"2023-09-07T23:37:30","date_gmt":"2023-09-07T20:37:30","guid":{"rendered":"https:\/\/akkayaotomotiv.com.tr\/?page_id=10972"},"modified":"2023-09-08T16:22:33","modified_gmt":"2023-09-08T13:22:33","slug":"iletisim-formu-aydilatma-metni","status":"publish","type":"page","link":"https:\/\/akkayaotomotiv.com.tr\/index.php\/iletisim-formu-aydilatma-metni\/","title":{"rendered":"\u0130leti\u015fim Formu Ayd\u0131latma Metni"},"content":{"rendered":"\t\t<div data-elementor-type=\"wp-page\" data-elementor-id=\"10972\" class=\"elementor elementor-10972\" data-elementor-post-type=\"page\">\n\t\t\t\t\t\t<section class=\"wd-negative-gap elementor-section elementor-top-section elementor-element elementor-element-30f4b337 elementor-section-content-middle wd-section-stretch elementor-section-height-min-height elementor-section-boxed elementor-section-height-default elementor-section-items-middle\" data-id=\"30f4b337\" data-element_type=\"section\" data-settings=\"{&quot;background_background&quot;:&quot;classic&quot;}\">\n\t\t\t\t\t\t\t<div class=\"elementor-background-overlay\"><\/div>\n\t\t\t\t\t\t\t<div class=\"elementor-container elementor-column-gap-default\">\n\t\t\t\t\t<div class=\"elementor-column elementor-col-100 elementor-top-column elementor-element elementor-element-709130a2\" data-id=\"709130a2\" data-element_type=\"column\">\n\t\t\t<div class=\"elementor-widget-wrap elementor-element-populated\">\n\t\t\t\t\t\t\t<\/div>\n\t\t<\/div>\n\t\t\t\t\t<\/div>\n\t\t<\/section>\n\t\t\t\t<section class=\"wd-negative-gap elementor-section elementor-top-section elementor-element elementor-element-9dcaf7b wd-section-stretch elementor-section-boxed elementor-section-height-default elementor-section-height-default\" data-id=\"9dcaf7b\" data-element_type=\"section\">\n\t\t\t\t\t\t<div class=\"elementor-container elementor-column-gap-default\">\n\t\t\t\t\t<div class=\"elementor-column elementor-col-100 elementor-top-column elementor-element elementor-element-8aded48\" data-id=\"8aded48\" data-element_type=\"column\">\n\t\t\t<div class=\"elementor-widget-wrap elementor-element-populated\">\n\t\t\t\t\t\t<div class=\"elementor-element elementor-element-36d8e27 elementor-widget elementor-widget-wd_text_block\" data-id=\"36d8e27\" data-element_type=\"widget\" data-widget_type=\"wd_text_block.default\">\n\t\t\t\t<div class=\"elementor-widget-container\">\n\t\t\t\t\t\t<link rel=\"stylesheet\" id=\"wd-text-block-css\" href=\"https:\/\/akkayaotomotiv.com.tr\/wp-content\/themes\/woodmart\/css\/parts\/el-text-block.min.css?ver=7.1.4\" type=\"text\/css\" media=\"all\" \/> \t\t\t\t\t<div class=\"wd-text-block reset-last-child text-left\">\n\t\t\t\n\t\t\t<p>\u0130\u015fbu ayd\u0131nlatma metni, veri sorumlusu s\u0131fat\u0131yla hareket eden <span style=\"font-family: &quot;Lexend Deca&quot;, sans-serif; font-size: 17px; font-style: normal; font-variant-ligatures: normal; font-variant-caps: normal; font-weight: 400;\">AKKAYA OTOMOT\u0130V SAN. VE T\u0130C. A.\u015e<\/span> taraf\u0131ndan, 6698 say\u0131l\u0131 Ki\u015fisel Verilerin Korunmas\u0131 Kanununun (\u201cKVKK\u201d) 10. maddesi ile Ayd\u0131nlatma Y\u00fck\u00fcml\u00fcl\u00fc\u011f\u00fcn\u00fcn Yerine Getirilmesinde Uyulacak Usul ve Esaslar Hakk\u0131nda Tebli\u011f \u00e7er\u00e7evesinde, ki\u015fisel verilerinizin i\u015flenme ama\u00e7lar\u0131, hukuki nedenleri, toplanma y\u00f6ntemi, kimlere aktar\u0131labilece\u011fi ve KVKK kapsam\u0131ndaki haklar\u0131n\u0131z konular\u0131na ili\u015fkin olarak sizleri bilgilendirmek amac\u0131yla haz\u0131rlanm\u0131\u015ft\u0131r.<\/p><p>\u0130nternet sitemizdeki ileti\u015fim formu arac\u0131l\u0131\u011f\u0131yla payla\u015ft\u0131\u011f\u0131n\u0131z ad soyad, telefon, e-mail vb... ki\u015fisel verileriniz, \u015firketimiz taraf\u0131ndan sunulan \u00fcr\u00fcn ve hizmetlerden ilgili ki\u015fileri faydaland\u0131rmak i\u00e7in gerekli \u00e7al\u0131\u015fmalar\u0131n i\u015f birimleri taraf\u0131ndan yap\u0131lmas\u0131, ilgili i\u015f s\u00fcre\u00e7lerinin y\u00fcr\u00fct\u00fclmesi ve ba\u015fvuruda bulundu\u011funuz konu hakk\u0131nda sizinle ileti\u015fim kurulabilmesi ama\u00e7lar\u0131yla i\u015flenmektedir. Ayr\u0131ca i\u015fbu form ile payla\u015ft\u0131\u011f\u0131n\u0131z bilgiler \u00fczerinde mutlak bir kontrol\u00fcm\u00fcz bulunmamaktad\u0131r. Bilmemizi istemedi\u011finiz ki\u015fisel verilerinizi ve \u00f6zel nitelikli ki\u015fisel verilerinizi \u015eirketimizle payla\u015fmaman\u0131z\u0131 tavsiye ederiz.<\/p><p>S\u00f6z konusu ki\u015fisel veriler, KVKK\u2019n\u0131n 5. maddesinde yer alan \u201cilgili ki\u015finin temel hak ve \u00f6zg\u00fcrl\u00fcklerine zarar vermemek kayd\u0131yla, veri sorumlusunun me\u015fru menfaatleri i\u00e7in veri i\u015flenmesinin zorunlu olmas\u0131\u201d ve \u201cveri sorumlusunun hukuki y\u00fck\u00fcml\u00fcl\u00fc\u011f\u00fcn\u00fc yerine getirebilmesi i\u00e7in zorunlu olmas\u0131\u201d hukuki sebeplerine dayanarak otomatik yolla i\u015flenmektedir ve sadece hukuki uyu\u015fmazl\u0131klarda ilgili yarg\u0131 mercileriyle payla\u015f\u0131lacakt\u0131r.<\/p><p>Kanunun ilgili ki\u015finin haklar\u0131n\u0131 d\u00fczenleyen 11. Maddesi kapsam\u0131ndaki taleplerinizi, \u201cVeri Sorumlusuna Ba\u015fvuru Usul ve Esaslar\u0131 Hakk\u0131nda Tebli\u011fe\u201d g\u00f6re, Yenibosna Merkez mah. \u00c7\u0131nar cad. Kavak sk. No:35 Yenibosna \/ Bah\u00e7elievler \/ \u0130stanbul adresine yaz\u0131l\u0131 olarak g\u00f6nderebilir veya <a href=\"mailto:info@akkayaotomotiv.com\">info@akkayaotomotiv.com<\/a> e-posta adresine iletebilirsiniz.<\/p><p>Kullanabilece\u011finiz bir ba\u015fvuru formu sizi bilgilendirmek ve sizlere kolayl\u0131k sa\u011flamak ad\u0131na internet sitemizde yay\u0131nlanm\u0131\u015ft\u0131r.<\/p>\n\t\t\t\t\t<\/div>\n\t\t\t\t<\/div>\n\t\t\t\t<\/div>\n\t\t\t\t\t<\/div>\n\t\t<\/div>\n\t\t\t\t\t<\/div>\n\t\t<\/section>\n\t\t\t\t<section class=\"wd-negative-gap elementor-section elementor-top-section elementor-element elementor-element-2194903 wd-section-stretch elementor-section-boxed elementor-section-height-default elementor-section-height-default\" data-id=\"2194903\" data-element_type=\"section\">\n\t\t\t\t\t\t<div class=\"elementor-container elementor-column-gap-default\">\n\t\t\t\t\t<div class=\"elementor-column elementor-col-100 elementor-top-column elementor-element elementor-element-8b671e2\" data-id=\"8b671e2\" data-element_type=\"column\">\n\t\t\t<div class=\"elementor-widget-wrap\">\n\t\t\t\t\t\t\t<\/div>\n\t\t<\/div>\n\t\t\t\t\t<\/div>\n\t\t<\/section>\n\t\t\t\t<\/div>\n\t\t","protected":false},"excerpt":{"rendered":"<p>\u0130\u015fbu ayd\u0131nlatma metni, veri sorumlusu s\u0131fat\u0131yla hareket eden AKKAYA OTOMOT\u0130V SAN. VE T\u0130C. A.\u015e taraf\u0131ndan, 6698 say\u0131l\u0131 Ki\u015fisel Verilerin Korunmas\u0131<\/p>\n","protected":false},"author":1,"featured_media":0,"parent":0,"menu_order":0,"comment_status":"closed","ping_status":"closed","template":"","meta":{"footnotes":""},"class_list":["post-10972","page","type-page","status-publish","hentry"],"_links":{"self":[{"href":"https:\/\/akkayaotomotiv.com.tr\/index.php\/wp-json\/wp\/v2\/pages\/10972","targetHints":{"allow":["GET"]}}],"collection":[{"href":"https:\/\/akkayaotomotiv.com.tr\/index.php\/wp-json\/wp\/v2\/pages"}],"about":[{"href":"https:\/\/akkayaotomotiv.com.tr\/index.php\/wp-json\/wp\/v2\/types\/page"}],"author":[{"embeddable":true,"href":"https:\/\/akkayaotomotiv.com.tr\/index.php\/wp-json\/wp\/v2\/users\/1"}],"replies":[{"embeddable":true,"href":"https:\/\/akkayaotomotiv.com.tr\/index.php\/wp-json\/wp\/v2\/comments?post=10972"}],"version-history":[{"count":7,"href":"https:\/\/akkayaotomotiv.com.tr\/index.php\/wp-json\/wp\/v2\/pages\/10972\/revisions"}],"predecessor-version":[{"id":11005,"href":"https:\/\/akkayaotomotiv.com.tr\/index.php\/wp-json\/wp\/v2\/pages\/10972\/revisions\/11005"}],"wp:attachment":[{"href":"https:\/\/akkayaotomotiv.com.tr\/index.php\/wp-json\/wp\/v2\/media?parent=10972"}],"curies":[{"name":"wp","href":"https:\/\/api.w.org\/{rel}","templated":true}]}}