{"id":10967,"date":"2023-09-07T23:33:15","date_gmt":"2023-09-07T20:33:15","guid":{"rendered":"https:\/\/akkayaotomotiv.com.tr\/?page_id=10967"},"modified":"2023-09-08T16:25:07","modified_gmt":"2023-09-08T13:25:07","slug":"cerez-politikasi","status":"publish","type":"page","link":"https:\/\/akkayaotomotiv.com.tr\/index.php\/cerez-politikasi\/","title":{"rendered":"\u00c7erez Politikas\u0131"},"content":{"rendered":"\t\t<div data-elementor-type=\"wp-page\" data-elementor-id=\"10967\" class=\"elementor elementor-10967\" data-elementor-post-type=\"page\">\n\t\t\t\t\t\t<section class=\"wd-negative-gap elementor-section elementor-top-section elementor-element elementor-element-30f4b337 elementor-section-content-middle wd-section-stretch elementor-section-height-min-height elementor-section-boxed elementor-section-height-default elementor-section-items-middle\" data-id=\"30f4b337\" data-element_type=\"section\" data-settings=\"{&quot;background_background&quot;:&quot;classic&quot;}\">\n\t\t\t\t\t\t\t<div class=\"elementor-background-overlay\"><\/div>\n\t\t\t\t\t\t\t<div class=\"elementor-container elementor-column-gap-default\">\n\t\t\t\t\t<div class=\"elementor-column elementor-col-100 elementor-top-column elementor-element elementor-element-709130a2\" data-id=\"709130a2\" data-element_type=\"column\">\n\t\t\t<div class=\"elementor-widget-wrap elementor-element-populated\">\n\t\t\t\t\t\t\t<\/div>\n\t\t<\/div>\n\t\t\t\t\t<\/div>\n\t\t<\/section>\n\t\t\t\t<section class=\"wd-negative-gap elementor-section elementor-top-section elementor-element elementor-element-9dcaf7b wd-section-stretch elementor-section-boxed elementor-section-height-default elementor-section-height-default\" data-id=\"9dcaf7b\" data-element_type=\"section\">\n\t\t\t\t\t\t<div class=\"elementor-container elementor-column-gap-default\">\n\t\t\t\t\t<div class=\"elementor-column elementor-col-100 elementor-top-column elementor-element elementor-element-8aded48\" data-id=\"8aded48\" data-element_type=\"column\">\n\t\t\t<div class=\"elementor-widget-wrap elementor-element-populated\">\n\t\t\t\t\t\t<div class=\"elementor-element elementor-element-36d8e27 elementor-widget elementor-widget-wd_text_block\" data-id=\"36d8e27\" data-element_type=\"widget\" data-widget_type=\"wd_text_block.default\">\n\t\t\t\t<div class=\"elementor-widget-container\">\n\t\t\t\t\t\t<link rel=\"stylesheet\" id=\"wd-text-block-css\" href=\"https:\/\/akkayaotomotiv.com.tr\/wp-content\/themes\/woodmart\/css\/parts\/el-text-block.min.css?ver=7.1.4\" type=\"text\/css\" media=\"all\" \/> \t\t\t\t\t<div class=\"wd-text-block reset-last-child text-left\">\n\t\t\t\n\t\t\t<p><strong>\u00c7erez Politikas\u0131<\/strong><\/p><p><span style=\"font-family: &quot;Lexend Deca&quot;, sans-serif; font-size: 17px; font-style: normal; font-variant-ligatures: normal; font-variant-caps: normal; font-weight: 400; background-color: var(--wd-main-bgcolor);\">AKKAYA OTOMOT\u0130V SAN. VE T\u0130C. A.\u015e<\/span> olarak internet sitelerimizden en verimli \u015fekilde faydalanabilmeniz ve kullan\u0131c\u0131 deneyiminizi geli\u015ftirebilmek i\u00e7in \u00e7erezler kullanmaktay\u0131z. \u00c7erez kullan\u0131lmas\u0131n\u0131 tercih etmezseniz taray\u0131c\u0131n\u0131z\u0131n ayarlar\u0131ndan veya a\u015fa\u011f\u0131daki detayl\u0131 \u00e7erez kald\u0131r\u0131m a\u00e7\u0131klamas\u0131ndan \u00e7erezleri silebilir ya da engelleyebilirsiniz. Ancak bunun internet sitelerimizin kullan\u0131m\u0131n\u0131z\u0131 etkileyebilece\u011fini hat\u0131rlatmak isteriz. Taray\u0131c\u0131n\u0131zdan \u00e7erez ayarlar\u0131n\u0131z\u0131 de\u011fi\u015ftirmedi\u011finiz s\u00fcrece internet sitelerimizde \u00e7erez kullan\u0131m\u0131n\u0131 kabul etti\u011finizi varsayaca\u011f\u0131z. Toplanan verilerle ilgili d\u00fczenlemelere internet sitelerimizde yer alan Ayd\u0131nlatma Metninden ula\u015fabilirsiniz.<\/p><p>\u00c7erezlerimiz, internet sitelerimizi kullanman\u0131z s\u0131ras\u0131nda size ki\u015fiselle\u015ftirilmi\u015f bir deneyim sunmak, hizmetlerimizi geli\u015ftirmek ve deneyiminizi iyile\u015ftirmek i\u00e7in kullan\u0131l\u0131r.<\/p><p>\u00c7erezler kullan\u0131m ama\u00e7 ve \u015fekillerine g\u00f6re farkl\u0131 ba\u015fl\u0131klarda de\u011ferlendirilebilirler. Bu ba\u015fl\u0131klardan baz\u0131lar\u0131 a\u015fa\u011f\u0131da a\u00e7\u0131klanm\u0131\u015ft\u0131r;<\/p><p><strong>Oturum \u00e7erezleri: <\/strong>Ge\u00e7ici \u00e7erezlerdir, taray\u0131c\u0131n\u0131z\u0131 kapatt\u0131\u011f\u0131n\u0131zda silinirler, yani kal\u0131c\u0131 de\u011fillerdir. Sitelerimizin ve sizin, ziyaretinizde g\u00fcvenli\u011fini, s\u00fcreklili\u011fini sa\u011flamak gibi ama\u00e7larla kullan\u0131l\u0131rlar.<\/p><p><strong>Kal\u0131c\u0131 \u00e7erezler:<\/strong> Sizin bir hareketinizle ya da \u00e7erezin i\u00e7erisindeki s\u00fcre aral\u0131\u011f\u0131 sona erene kadar taray\u0131c\u0131n\u0131z\u0131n alt klas\u00f6rlerinde tutulurlar. Bu \u00e7erezler sizin bilgilerinizi ve se\u00e7imlerinizi bir sonraki ziyaretinizde internet sitemizin hat\u0131rlamas\u0131na yard\u0131mc\u0131 olurlar.<\/p><p><strong>Birinci ve \u00fc\u00e7\u00fcnc\u00fc ki\u015fi \u00e7erezler:<\/strong> Birinci ki\u015fi \u00e7erezler sitemiz taraf\u0131ndan kullan\u0131lan \u00e7erezlerdir. \u00dc\u00e7\u00fcnc\u00fc ki\u015fi \u00e7erezler ise sitemiz haricinde bilgisayar\u0131n\u0131za kurulan \u00e7erezlerdir.<\/p><p><strong>Zorunlu \u00e7erezler:<\/strong><\/p><p>https:\/\/akkayaotomotiv.com.tr internet sitelerinin d\u00fczg\u00fcn \u015fekilde \u00e7al\u0131\u015fabilmesi i\u00e7in, \u00f6zelliklerinin d\u00fczg\u00fcn \u015fekilde sunulabilmesi amac\u0131yla kurulan anonim nitelikte \u00e7erezlerdir.&nbsp;&nbsp;&nbsp;&nbsp;&nbsp;&nbsp;&nbsp;&nbsp;&nbsp;&nbsp;&nbsp;&nbsp;&nbsp;&nbsp;&nbsp;&nbsp;&nbsp;&nbsp;&nbsp;&nbsp;&nbsp;<\/p><p><strong>\u0130\u015flevsel ve analitik \u00e7erezler:<\/strong> Tercihlerinizin hat\u0131rlanmas\u0131 ve gezinme deneyiminizi geli\u015ftirmemize yarayan i\u015flevsel \u00e7erezler ve hangi sayfalar\u0131m\u0131z\u0131n daha fazla ilgi \u00e7ekti\u011fini, hangi kaynaklar\u0131n daha \u00e7ok g\u00f6r\u00fcnt\u00fclendi\u011fini g\u00f6rmemize yarayan, sitelerimizdeki trafi\u011fi g\u00f6rerek bu trafi\u011fe uygun hizmet sa\u011flamam\u0131z\u0131 sa\u011flayan analitik \u00e7erezler kullan\u0131lmaktad\u0131r. Bu nitelikte \u00e7erezler de anonimdir.<\/p><p><span style=\"font-family: &quot;Lexend Deca&quot;, sans-serif; font-size: 17px; font-style: normal; font-variant-ligatures: normal; font-variant-caps: normal; font-weight: 400; background-color: var(--wd-main-bgcolor);\">AKKAYA OTOMOT\u0130V SAN. VE T\u0130C. A.\u015e <\/span>\u2019nin, internet sitesi ve\/veya sitelerinde veya mobil web de oturum \u00e7erezleri, zorunlu \u00e7erezler, kal\u0131c\u0131 \u00e7erezler ile i\u015flevsel ve analitik \u00e7erezleri kullanmaktad\u0131r.<\/p><p><strong>Sitelerimizin kulland\u0131\u011f\u0131 zorunlu ve birinci parti olanlar haricinde kullan\u0131lan \u00e7erezler \u015funlard\u0131r:<\/strong><\/p><p><strong>Google:<\/strong> Google \u00e7erezleri pek \u00e7ok ama\u00e7la kullan\u0131labilir. \u00d6rne\u011fin, g\u00fcvenli arama tercihlerinizi hat\u0131rlamak, size daha alakal\u0131 reklamlar g\u00f6stermek, bir sayfaya ka\u00e7 ziyaret\u00e7i geldi\u011fini belirlemek, Google taraf\u0131ndan sunulan hizmetleri kullanman\u0131za ve bunlara kaydolman\u0131za yard\u0131mc\u0131 olmak, verilerinizi korumak veya reklam ayarlar\u0131n\u0131z\u0131 hat\u0131rlamak i\u00e7in kullan\u0131r.<\/p><p><strong>Google Analytics:<\/strong> Kullan\u0131c\u0131lar\u0131n internet sitesini nas\u0131l kulland\u0131\u011f\u0131n\u0131 analiz eden bir web analiz arac\u0131d\u0131r. Anonim olan bilgilerin yan\u0131 s\u0131ra internet sitesini kullanman\u0131zla ilgili ki\u015fisel veri niteli\u011findeki bilgiler (\u0130sim, adres, e-mail adresi, IP adresi) taray\u0131c\u0131n\u0131z taraf\u0131ndan Google\u2019a g\u00f6nderilir ve Google taraf\u0131ndan i\u015flenir.<\/p><p>Kullan\u0131c\u0131 internet taray\u0131c\u0131lar\u0131n\u0131n \"yard\u0131m\" dosyas\u0131nda verilen talimatlar\u0131 izleyerek veya \"&nbsp;<a href=\"http:\/\/www.allaboutcookies.org\/\">www.allaboutcookies.org&nbsp;<\/a>\" veya \"<u><a href=\"http:\/\/www.youronlinechoices.eu\/\">www.youronlinechoices.eu&nbsp;<\/a><\/u>\" adresini ziyaret ederek kal\u0131c\u0131 \u00e7erezleri kald\u0131rabilir ve hem oturum \u00e7erezlerini hem de kal\u0131c\u0131 \u00e7erezleri reddedebilir. Kullan\u0131c\u0131 kal\u0131c\u0131 \u00e7erezleri veya oturum \u00e7erezlerini reddetmesi halinde, s\u00f6z konusu web sitesini, veya mobil webi kullanmaya devam edebilir, fakat s\u00f6z konusu mecralar\u0131n t\u00fcm i\u015flevlerine eri\u015femeyebilir veya eri\u015fimi s\u0131n\u0131rl\u0131 olabilir.<\/p>\n\t\t\t\t\t<\/div>\n\t\t\t\t<\/div>\n\t\t\t\t<\/div>\n\t\t\t\t\t<\/div>\n\t\t<\/div>\n\t\t\t\t\t<\/div>\n\t\t<\/section>\n\t\t\t\t<section class=\"wd-negative-gap elementor-section elementor-top-section elementor-element elementor-element-2194903 wd-section-stretch elementor-section-boxed elementor-section-height-default elementor-section-height-default\" data-id=\"2194903\" data-element_type=\"section\">\n\t\t\t\t\t\t<div class=\"elementor-container elementor-column-gap-default\">\n\t\t\t\t\t<div class=\"elementor-column elementor-col-100 elementor-top-column elementor-element elementor-element-8b671e2\" data-id=\"8b671e2\" data-element_type=\"column\">\n\t\t\t<div class=\"elementor-widget-wrap\">\n\t\t\t\t\t\t\t<\/div>\n\t\t<\/div>\n\t\t\t\t\t<\/div>\n\t\t<\/section>\n\t\t\t\t<\/div>\n\t\t","protected":false},"excerpt":{"rendered":"<p>\u00c7erez Politikas\u0131 AKKAYA OTOMOT\u0130V SAN. VE T\u0130C. A.\u015e olarak internet sitelerimizden en verimli \u015fekilde faydalanabilmeniz ve kullan\u0131c\u0131 deneyiminizi geli\u015ftirebilmek i\u00e7in<\/p>\n","protected":false},"author":1,"featured_media":0,"parent":0,"menu_order":0,"comment_status":"closed","ping_status":"closed","template":"","meta":{"footnotes":""},"class_list":["post-10967","page","type-page","status-publish","hentry"],"_links":{"self":[{"href":"https:\/\/akkayaotomotiv.com.tr\/index.php\/wp-json\/wp\/v2\/pages\/10967","targetHints":{"allow":["GET"]}}],"collection":[{"href":"https:\/\/akkayaotomotiv.com.tr\/index.php\/wp-json\/wp\/v2\/pages"}],"about":[{"href":"https:\/\/akkayaotomotiv.com.tr\/index.php\/wp-json\/wp\/v2\/types\/page"}],"author":[{"embeddable":true,"href":"https:\/\/akkayaotomotiv.com.tr\/index.php\/wp-json\/wp\/v2\/users\/1"}],"replies":[{"embeddable":true,"href":"https:\/\/akkayaotomotiv.com.tr\/index.php\/wp-json\/wp\/v2\/comments?post=10967"}],"version-history":[{"count":7,"href":"https:\/\/akkayaotomotiv.com.tr\/index.php\/wp-json\/wp\/v2\/pages\/10967\/revisions"}],"predecessor-version":[{"id":11011,"href":"https:\/\/akkayaotomotiv.com.tr\/index.php\/wp-json\/wp\/v2\/pages\/10967\/revisions\/11011"}],"wp:attachment":[{"href":"https:\/\/akkayaotomotiv.com.tr\/index.php\/wp-json\/wp\/v2\/media?parent=10967"}],"curies":[{"name":"wp","href":"https:\/\/api.w.org\/{rel}","templated":true}]}}