{"id":10962,"date":"2023-09-07T23:30:05","date_gmt":"2023-09-07T20:30:05","guid":{"rendered":"https:\/\/akkayaotomotiv.com.tr\/?page_id=10962"},"modified":"2023-09-08T16:23:38","modified_gmt":"2023-09-08T13:23:38","slug":"calisan-adayi-aydinlatma-metni","status":"publish","type":"page","link":"https:\/\/akkayaotomotiv.com.tr\/index.php\/calisan-adayi-aydinlatma-metni\/","title":{"rendered":"\u00c7al\u0131\u015fan Aday\u0131 Ayd\u0131nlatma Metni"},"content":{"rendered":"\t\t<div data-elementor-type=\"wp-page\" data-elementor-id=\"10962\" class=\"elementor elementor-10962\" data-elementor-post-type=\"page\">\n\t\t\t\t\t\t<section class=\"wd-negative-gap elementor-section elementor-top-section elementor-element elementor-element-30f4b337 elementor-section-content-middle wd-section-stretch elementor-section-height-min-height elementor-section-boxed elementor-section-height-default elementor-section-items-middle\" data-id=\"30f4b337\" data-element_type=\"section\" data-settings=\"{&quot;background_background&quot;:&quot;classic&quot;}\">\n\t\t\t\t\t\t\t<div class=\"elementor-background-overlay\"><\/div>\n\t\t\t\t\t\t\t<div class=\"elementor-container elementor-column-gap-default\">\n\t\t\t\t\t<div class=\"elementor-column elementor-col-100 elementor-top-column elementor-element elementor-element-709130a2\" data-id=\"709130a2\" data-element_type=\"column\">\n\t\t\t<div class=\"elementor-widget-wrap elementor-element-populated\">\n\t\t\t\t\t\t\t<\/div>\n\t\t<\/div>\n\t\t\t\t\t<\/div>\n\t\t<\/section>\n\t\t\t\t<section class=\"wd-negative-gap elementor-section elementor-top-section elementor-element elementor-element-9dcaf7b wd-section-stretch elementor-section-boxed elementor-section-height-default elementor-section-height-default\" data-id=\"9dcaf7b\" data-element_type=\"section\">\n\t\t\t\t\t\t<div class=\"elementor-container elementor-column-gap-default\">\n\t\t\t\t\t<div class=\"elementor-column elementor-col-100 elementor-top-column elementor-element elementor-element-8aded48\" data-id=\"8aded48\" data-element_type=\"column\">\n\t\t\t<div class=\"elementor-widget-wrap elementor-element-populated\">\n\t\t\t\t\t\t<div class=\"elementor-element elementor-element-36d8e27 elementor-widget elementor-widget-wd_text_block\" data-id=\"36d8e27\" data-element_type=\"widget\" data-widget_type=\"wd_text_block.default\">\n\t\t\t\t<div class=\"elementor-widget-container\">\n\t\t\t\t\t\t<link rel=\"stylesheet\" id=\"wd-text-block-css\" href=\"https:\/\/akkayaotomotiv.com.tr\/wp-content\/themes\/woodmart\/css\/parts\/el-text-block.min.css?ver=7.1.4\" type=\"text\/css\" media=\"all\" \/> \t\t\t\t\t<div class=\"wd-text-block reset-last-child text-left\">\n\t\t\t\n\t\t\t<p><strong>K\u0130\u015e\u0130SEL VER\u0130LER\u0130N\u0130Z\u0130N \u0130\u015eLENMES\u0130 HAKKINDA<\/strong><\/p><p><strong>\u00c7ALI\u015eAN ADAYI AYDINLATMA METN\u0130<\/strong><\/p><p><strong>&nbsp;<\/strong>De\u011ferli \u00c7al\u0131\u015fan Aday\u0131;<\/p><p>\u0130\u015fbu ayd\u0131nlatma metni, veri sorumlusu s\u0131fat\u0131yla hareket eden <span style=\"font-family: &quot;Lexend Deca&quot;, sans-serif; font-size: 17px; font-style: normal; font-variant-ligatures: normal; font-variant-caps: normal; font-weight: 400;\">AKKAYA OTOMOT\u0130V SAN. VE T\u0130C. A.\u015e<\/span> &nbsp;taraf\u0131ndan, 6698 say\u0131l\u0131 Ki\u015fisel Verilerin Korunmas\u0131 Kanununun (\u201cKVKK\u201d) 10. maddesi ile Ayd\u0131nlatma Y\u00fck\u00fcml\u00fcl\u00fc\u011f\u00fcn\u00fcn Yerine Getirilmesinde Uyulacak Usul ve Esaslar Hakk\u0131nda Tebli\u011f \u00e7er\u00e7evesinde, ki\u015fisel verilerinizin i\u015flenme ama\u00e7lar\u0131, hukuki nedenleri, toplanma y\u00f6ntemi, kimlere aktar\u0131labilece\u011fi ve KVKK kapsam\u0131ndaki haklar\u0131n\u0131z konular\u0131na ili\u015fkin olarak sizleri bilgilendirmek amac\u0131yla haz\u0131rlanm\u0131\u015ft\u0131r<\/p><p>Bize g\u00f6nderdi\u011finiz \u00f6zge\u00e7mi\u015flerinizde veya bize ula\u015fman\u0131za arac\u0131 olan internet sitelerinde belirtti\u011finiz bilgiler \u00fczerinde mutlak bir kontrol\u00fcm\u00fcz bulunmamaktad\u0131r. Bilmemizi istemedi\u011finiz ki\u015fisel verilerinizi ve \u00f6zel nitelikli ki\u015fisel verilerinizi \u015eirketimizle payla\u015fmaman\u0131z\u0131 tavsiye ederiz.<\/p><ol><li><strong>Hangi Ki\u015fisel Verilerinizi \u0130\u015fliyoruz?<\/strong><\/li><\/ol><ul><li>Ad\u0131n\u0131z, soyad\u0131n\u0131z, do\u011fum tarihiniz ve yeriniz, cinsiyetiniz, medeni durumunuz, uyruk bilginiz;<\/li><li>E-posta adresiniz, adresiniz, cep telefon numaran\u0131z;<\/li><li>\u00d6zge\u00e7mi\u015fte yer vermeniz halinde sa\u011fl\u0131\u011f\u0131n\u0131za ili\u015fkin bilgileriniz (engellilik durumunuz gibi);<\/li><li>\u00d6\u011frenim durumunuz, sertifika ve diploma bilgileriniz, uzmanl\u0131k bilginiz, yabanc\u0131 dil bilgileriniz, yeteneklerinize ili\u015fkin bilgileriniz, kat\u0131ld\u0131\u011f\u0131n\u0131z seminer ve kurs bilgileriniz, bilgisayar bilginiz, s\u0131nav sonucu bilginiz;<\/li><li>\u0130\u015f tecr\u00fcbelerinize ili\u015fkin bilgileriniz (\u00f6rne\u011fin; daha \u00f6nce \u00e7al\u0131\u015ft\u0131\u011f\u0131n\u0131z sekt\u00f6rler, firmalar, pozisyonunuz, sorumluluklar\u0131n\u0131z, ald\u0131\u011f\u0131n\u0131z \u00fccret);<\/li><li>Foto\u011fraf\u0131n\u0131z;<\/li><li>S\u00fcr\u00fcc\u00fc belgesi bilgileriniz;<\/li><li>Hobilerinize ili\u015fkin bilgiler;<\/li><li>Maa\u015f beklentiniz;<\/li><li>Askerlik durumu bilginiz,<\/li><li>Referans bilgileriniz (referans ki\u015fisinin ad\u0131 soyad\u0131, unvan\u0131, i\u015fyeri, ileti\u015fim bilgileri) ,<\/li><li>\u00d6zge\u00e7mi\u015finize kendi iradenizle ekledi\u011finiz ancak bizim \u00f6ng\u00f6remeyece\u011fimiz di\u011fer bilgileriniz<\/li><\/ul><p>KVKK\u2019ya uygun olarak i\u015flenmektedir.<\/p><p>S\u00f6z konusu verileriniz, i\u015f ba\u015fvurunuzun onaylanmamas\u0131 halinde 1 y\u0131la kadar, onaylanmas\u0131 halinde ise i\u015fyerinden ayr\u0131lman\u0131zdan itibaren 10 y\u0131la kadar <span style=\"font-family: &quot;Lexend Deca&quot;, sans-serif; font-size: 17px; font-style: normal; font-variant-ligatures: normal; font-variant-caps: normal; font-weight: 400;\">AKKAYA OTOMOT\u0130V SAN. VE T\u0130C. A.\u015e<\/span> &nbsp;&nbsp;nezdinde saklanabilecektir.<\/p><ol start=\"2\"><li><strong>Ki\u015fisel Verilerinizi Hangi Ama\u00e7larla \u0130\u015fliyoruz?<\/strong><\/li><\/ol><p>Yukar\u0131da belirtti\u011fimiz ki\u015fisel verileriniz, size verdi\u011fimiz istihdam hizmetine ili\u015fkin bu Hizmet S\u00f6zle\u015fmesi\u2019nin ifas\u0131 i\u00e7in a\u015fa\u011f\u0131daki ama\u00e7larla i\u015flenmektedir:<\/p><ul><li>\u0130\u015f ba\u015fvuru s\u00fcrecinizi y\u00f6netilebilmesi,<\/li><li>Sizinle ileti\u015fim kurulabilmesi,<\/li><li>Size \u00f6nerece\u011fimiz pozisyon i\u00e7in yeterli donan\u0131ma sahip olup olmad\u0131\u011f\u0131n\u0131z\u0131n tespitinin sa\u011flanmas\u0131,<\/li><li>Hakk\u0131n\u0131zda referans alabilece\u011fimiz ki\u015filerle g\u00f6r\u00fc\u015febilmek ve sizin i\u015f i\u00e7in uygun olup olmad\u0131\u011f\u0131n\u0131z\u0131 tespit edilebilmesi,<\/li><li>\u00c7al\u0131\u015fmak istedi\u011finiz pozisyon bilgisinin, \u00fccret beklentinizin, ba\u015fka pozisyonlarda \u00e7al\u0131\u015f\u0131p \u00e7al\u0131\u015famayaca\u011f\u0131n\u0131z bilgisinin ve i\u015fe ba\u015flama tarihinizin tespit edilebilmesi,<\/li><li>\u015eirket ara\u00e7lar\u0131n\u0131n kullan\u0131lmas\u0131 ihtiyac\u0131 do\u011fdu\u011funda arac\u0131 kullan\u0131p kullanamayaca\u011f\u0131n\u0131z\u0131n tespitinin sa\u011flanmas\u0131,<\/li><li>Size \u00f6nerilecek pozisyon i\u00e7in ya\u015f olarak uygunlu\u011funuzun tespiti ve \u00c7ocuk ve Gen\u00e7 \u0130\u015f\u00e7ilerin \u00c7al\u0131\u015ft\u0131r\u0131lma Usul ve Esaslar\u0131 Hakk\u0131nda Y\u00f6netmeli\u011fe uyum sa\u011flanabilmesi,<\/li><li>M\u00fclakata geldi\u011finizde insan kaynaklar\u0131 birimimiz taraf\u0131ndan kolayl\u0131kla hat\u0131rlanabilmeniz,<\/li><li>\u00c7al\u0131\u015fan aday\u0131 ile irtibat kurulabilmesi ve \u00e7al\u0131\u015fan aday\u0131n\u0131n i\u015fe kabul edilebilmesi halinde \u00f6zl\u00fck dosyas\u0131n\u0131n haz\u0131rlanabilmesi,<\/li><li>\u0130\u015f s\u00f6zle\u015fmesi s\u00fcresince \u00e7al\u0131\u015fmas\u0131n\u0131 kesintiye u\u011fratabilecek bir durumunuzun olup olmad\u0131\u011f\u0131n\u0131n tesbiti ve 1632 No.lu Askeri Ceza Kanunu md. 75 h\u00fckm\u00fcne uyum sa\u011flanabilmesi.<\/li><\/ul><ol start=\"3\"><li><strong>Ki\u015fisel Verilerinizi Hangi Y\u00f6ntemi Kullanarak Ve Hangi Hukuki Sebeplere Dayanarak \u0130\u015fliyoruz?<\/strong><\/li><\/ol><p>S\u00f6z konusu ki\u015fisel veriler, a\u00e7\u0131k r\u0131zan\u0131za ba\u011fl\u0131 olarak Kanunun 5. maddesinde yer alan&nbsp; <strong>(i)<\/strong> \u201cveri sorumlusunun hukuki y\u00fck\u00fcml\u00fcl\u00fc\u011f\u00fcn\u00fc yerine getirebilmesi i\u00e7in zorunlu olmas\u0131\u201d, <strong>(ii)<\/strong> \u201cilgili ki\u015finin temel hak ve \u00f6zg\u00fcrl\u00fcklerine zarar vermemek kayd\u0131yla, veri sorumlusunun me\u015fru menfaatleri i\u00e7in veri i\u015flenmesinin zorunlu olmas\u0131\u201d ve <strong>(iii) \u201c <\/strong>bir s\u00f6zle\u015fmenin kurulmas\u0131 veya ifas\u0131yla do\u011frudan do\u011fruya ilgili olmas\u0131 kayd\u0131yla, s\u00f6zle\u015fmenin taraflar\u0131na ait ki\u015fisel verilerin i\u015flenmesinin gerekli olmas\u0131\u201d hukuki sebeplerine dayanarak otomatik olan (\u00f6rne\u011fin internet ortam\u0131nda otomatik olarak sistemimize g\u00f6nderilmesi) veya otomatik olmayan yollarla (\u00f6rne\u011fin telefonda bize bildirdi\u011finiz bir bilgiyi not etmemiz) i\u015flenmektedir.<\/p><ol start=\"4\"><li><strong>Ki\u015fisel Verilerinizi Kimlere Ve Hangi Ama\u00e7larla Aktar\u0131yoruz?<\/strong><\/li><\/ol><p>Ki\u015fisel verileriniz, hukuki uyu\u015fmazl\u0131klar\u0131n giderilmesi veya ilgili mevzuat gere\u011fi talep halinde adli makamlar veya ilgili kolluk kuvvetlerine aktar\u0131labilecektir.<\/p><ol start=\"5\"><li><strong>Ki\u015fisel Verilerin \u0130\u015flenmesine Dair Haklar\u0131n\u0131z Nelerdir ve Bu Haklara Nas\u0131l Eri\u015febilirsiniz?<\/strong><\/li><\/ol><p>KVKK\u2019n\u0131n 11. maddesinde&nbsp; belirtilen haklar\u0131n\u0131za&nbsp; ili\u015fkin taleplerinizi \u201cVeri Sorumlusuna Ba\u015fvuru Usul ve Esaslar\u0131 Hakk\u0131nda Tebli\u011f\u201d Madde 5\u2019e g\u00f6re <span style=\"font-family: &quot;Lexend Deca&quot;, sans-serif; font-size: 17px; font-style: normal; font-variant-ligatures: normal; font-variant-caps: normal; font-weight: 400;\">AKKAYA OTOMOT\u0130V SAN. VE T\u0130C. A.\u015e<\/span> &nbsp;ne yaz\u0131l\u0131 olarak veya kay\u0131tl\u0131 elektronik posta (KEP) adresi, g\u00fcvenli elektronik imza, mobil imza ya da ilgili ki\u015fi taraf\u0131ndan veri sorumlusuna daha \u00f6nce bildirilen ve veri sorumlusunun sisteminde kay\u0131tl\u0131 bulunan elektronik posta adresini kullanmak suretiyle iletebilirsiniz. Kullanabilece\u011finiz bir ba\u015fvuru formu sizi bilgilendirmek ve sizlere kolayl\u0131k sa\u011flamak ad\u0131na internet sitemizde yay\u0131nlanm\u0131\u015ft\u0131r.<\/p><span style=\"font-family: &quot;Lexend Deca&quot;, sans-serif; font-size: 17px; font-style: normal; font-variant-ligatures: normal; font-variant-caps: normal; font-weight: 400;\">AKKAYA OTOMOT\u0130V SAN. VE T\u0130C. A.\u015e<\/span>\n\t\t\t\t\t<\/div>\n\t\t\t\t<\/div>\n\t\t\t\t<\/div>\n\t\t\t\t\t<\/div>\n\t\t<\/div>\n\t\t\t\t\t<\/div>\n\t\t<\/section>\n\t\t\t\t<section class=\"wd-negative-gap elementor-section elementor-top-section elementor-element elementor-element-2194903 wd-section-stretch elementor-section-boxed elementor-section-height-default elementor-section-height-default\" data-id=\"2194903\" data-element_type=\"section\">\n\t\t\t\t\t\t<div class=\"elementor-container elementor-column-gap-default\">\n\t\t\t\t\t<div class=\"elementor-column elementor-col-100 elementor-top-column elementor-element elementor-element-8b671e2\" data-id=\"8b671e2\" data-element_type=\"column\">\n\t\t\t<div class=\"elementor-widget-wrap\">\n\t\t\t\t\t\t\t<\/div>\n\t\t<\/div>\n\t\t\t\t\t<\/div>\n\t\t<\/section>\n\t\t\t\t<\/div>\n\t\t","protected":false},"excerpt":{"rendered":"<p>K\u0130\u015e\u0130SEL VER\u0130LER\u0130N\u0130Z\u0130N \u0130\u015eLENMES\u0130 HAKKINDA \u00c7ALI\u015eAN ADAYI AYDINLATMA METN\u0130 &nbsp;De\u011ferli \u00c7al\u0131\u015fan Aday\u0131; \u0130\u015fbu ayd\u0131nlatma metni, veri sorumlusu s\u0131fat\u0131yla hareket eden AKKAYA<\/p>\n","protected":false},"author":1,"featured_media":0,"parent":0,"menu_order":0,"comment_status":"closed","ping_status":"closed","template":"","meta":{"footnotes":""},"class_list":["post-10962","page","type-page","status-publish","hentry"],"_links":{"self":[{"href":"https:\/\/akkayaotomotiv.com.tr\/index.php\/wp-json\/wp\/v2\/pages\/10962","targetHints":{"allow":["GET"]}}],"collection":[{"href":"https:\/\/akkayaotomotiv.com.tr\/index.php\/wp-json\/wp\/v2\/pages"}],"about":[{"href":"https:\/\/akkayaotomotiv.com.tr\/index.php\/wp-json\/wp\/v2\/types\/page"}],"author":[{"embeddable":true,"href":"https:\/\/akkayaotomotiv.com.tr\/index.php\/wp-json\/wp\/v2\/users\/1"}],"replies":[{"embeddable":true,"href":"https:\/\/akkayaotomotiv.com.tr\/index.php\/wp-json\/wp\/v2\/comments?post=10962"}],"version-history":[{"count":7,"href":"https:\/\/akkayaotomotiv.com.tr\/index.php\/wp-json\/wp\/v2\/pages\/10962\/revisions"}],"predecessor-version":[{"id":11008,"href":"https:\/\/akkayaotomotiv.com.tr\/index.php\/wp-json\/wp\/v2\/pages\/10962\/revisions\/11008"}],"wp:attachment":[{"href":"https:\/\/akkayaotomotiv.com.tr\/index.php\/wp-json\/wp\/v2\/media?parent=10962"}],"curies":[{"name":"wp","href":"https:\/\/api.w.org\/{rel}","templated":true}]}}