{"id":10333,"date":"2023-06-07T13:03:05","date_gmt":"2023-06-07T10:03:05","guid":{"rendered":"http:\/\/demositelerim.biz.tr\/akkaya\/?page_id=10333"},"modified":"2023-08-01T13:33:27","modified_gmt":"2023-08-01T10:33:27","slug":"kalite-politikamiz","status":"publish","type":"page","link":"https:\/\/akkayaotomotiv.com.tr\/index.php\/kalite-politikamiz\/","title":{"rendered":"Kalite Politikam\u0131z"},"content":{"rendered":"\t\t<div data-elementor-type=\"wp-page\" data-elementor-id=\"10333\" class=\"elementor elementor-10333\" data-elementor-post-type=\"page\">\n\t\t\t\t\t\t<section class=\"wd-negative-gap elementor-section elementor-top-section elementor-element elementor-element-30f4b337 elementor-section-content-middle wd-section-stretch elementor-section-height-min-height elementor-section-boxed elementor-section-height-default elementor-section-items-middle\" data-id=\"30f4b337\" data-element_type=\"section\" data-settings=\"{&quot;background_background&quot;:&quot;classic&quot;}\">\n\t\t\t\t\t\t\t<div class=\"elementor-background-overlay\"><\/div>\n\t\t\t\t\t\t\t<div class=\"elementor-container elementor-column-gap-default\">\n\t\t\t\t\t<div class=\"elementor-column elementor-col-100 elementor-top-column elementor-element elementor-element-709130a2\" data-id=\"709130a2\" data-element_type=\"column\">\n\t\t\t<div class=\"elementor-widget-wrap elementor-element-populated\">\n\t\t\t\t\t\t\t<\/div>\n\t\t<\/div>\n\t\t\t\t\t<\/div>\n\t\t<\/section>\n\t\t\t\t<section class=\"wd-negative-gap elementor-section elementor-top-section elementor-element elementor-element-2194903 wd-section-stretch elementor-section-boxed elementor-section-height-default elementor-section-height-default\" data-id=\"2194903\" data-element_type=\"section\">\n\t\t\t\t\t\t<div class=\"elementor-container elementor-column-gap-default\">\n\t\t\t\t\t<div class=\"elementor-column elementor-col-100 elementor-top-column elementor-element elementor-element-8b671e2\" data-id=\"8b671e2\" data-element_type=\"column\">\n\t\t\t<div class=\"elementor-widget-wrap elementor-element-populated\">\n\t\t\t\t\t\t<div class=\"elementor-element elementor-element-a055d63 elementor-widget elementor-widget-wd_text_block\" data-id=\"a055d63\" data-element_type=\"widget\" data-widget_type=\"wd_text_block.default\">\n\t\t\t\t<div class=\"elementor-widget-container\">\n\t\t\t\t\t\t<link rel=\"stylesheet\" id=\"wd-text-block-css\" href=\"https:\/\/akkayaotomotiv.com.tr\/wp-content\/themes\/woodmart\/css\/parts\/el-text-block.min.css?ver=7.1.4\" type=\"text\/css\" media=\"all\" \/> \t\t\t\t\t<div class=\"wd-text-block reset-last-child text-left\">\n\t\t\t\n\t\t\t<p><strong>Kalite Politikam\u0131z<\/strong><\/p><ul><li>Kalite hedeflerimize ula\u015fabilmek i\u00e7in b\u00fct\u00fcn \u00e7al\u0131\u015fanlar\u0131m\u0131za gerekli e\u011fitimleri vermek ve t\u00fcm ekibimizi motive etmek.<\/li><li>M\u00fc\u015fteri isteklerini en iyi \u015fekilde ve zaman\u0131nda kar\u015f\u0131lamak.<\/li><li>Uluslararas\u0131 standartlara ve m\u00fc\u015fteri isteklerine uygun y\u00fcksek kaliteli \u00fcretim yapmak.<\/li><li>Rekabet g\u00fcc\u00fcm\u00fcz\u00fc, kalite seviyemizi ve maliyetlerimizi s\u00fcrekli iyile\u015ftirmek.<\/li><li>Tedarik\u00e7i ili\u015fkilerimizi iyi kontrol ederek kaliteden taviz vermemek ve tedarik\u00e7ilerimizin s\u00fcrekli geli\u015fimine destek vermek.<\/li><li>Geli\u015fen teknolojileri firmam\u0131za adapte ederek s\u00fcrekli b\u00fcy\u00fcmeyi sa\u011flamak.<\/li><li>S\u00fcrekli geli\u015fimi ya\u015fam bi\u00e7imi olarak benimsemek.<\/li><\/ul>\n\t\t\t\t\t<\/div>\n\t\t\t\t<\/div>\n\t\t\t\t<\/div>\n\t\t\t\t\t<\/div>\n\t\t<\/div>\n\t\t\t\t\t<\/div>\n\t\t<\/section>\n\t\t\t\t<section class=\"wd-negative-gap elementor-section elementor-top-section elementor-element elementor-element-d4f3a69 wd-section-stretch elementor-section-boxed elementor-section-height-default elementor-section-height-default\" data-id=\"d4f3a69\" data-element_type=\"section\">\n\t\t\t\t\t\t<div class=\"elementor-container elementor-column-gap-default\">\n\t\t\t\t\t<div class=\"elementor-column elementor-col-100 elementor-top-column elementor-element elementor-element-aa9988a\" data-id=\"aa9988a\" data-element_type=\"column\">\n\t\t\t<div class=\"elementor-widget-wrap elementor-element-populated\">\n\t\t\t\t\t\t<div class=\"elementor-element elementor-element-230dec0 elementor-widget elementor-widget-wd_text_block\" data-id=\"230dec0\" data-element_type=\"widget\" data-widget_type=\"wd_text_block.default\">\n\t\t\t\t<div class=\"elementor-widget-container\">\n\t\t\t\t\t<div class=\"wd-text-block reset-last-child text-left\">\n\t\t\t\n\t\t\t<p><strong>\u00c7evre Politikam\u0131z<\/strong><\/p><ul><li>Faaliyetlerimizin i\u00e7eri\u011fine, \u00f6l\u00e7e\u011fine ve \u00e7evresel etkilerine uygun bir \u00e7evre y\u00f6netim sistemi uygulamak ve geli\u015ftirmek.<\/li><li>\u00c7evre ile ilgili <strong>\u00a0<\/strong>ulusal ve uluslararas\u0131 yasal mevzuat ve d\u00fczenlemelere uymak.<\/li><li>\u00c7evre bilincinin t\u00fcm firma b\u00fcnyesinde anla\u015f\u0131lmas\u0131 amac\u0131yla b\u00fct\u00fcn \u00e7al\u0131\u015fanlara gerekli e\u011fitimleri sa\u011flamak.<\/li><li>Enerji ve do\u011fal kaynaklar\u0131 etkin kullanmak ve israf etmemek.<\/li><li>\u00c7evre kirlili\u011finin \u00f6nlenmesi, at\u0131klar\u0131n geri kazan\u0131lmas\u0131 ve miktarlar\u0131n\u0131n azalt\u0131lmas\u0131 i\u00e7in \u00e7aba harcamak.<\/li><li>Topluma ve \u00e7evremize kar\u015f\u0131 sayg\u0131l\u0131 ve duyarl\u0131 olmak.<\/li><\/ul>\n\t\t\t\t\t<\/div>\n\t\t\t\t<\/div>\n\t\t\t\t<\/div>\n\t\t\t\t\t<\/div>\n\t\t<\/div>\n\t\t\t\t\t<\/div>\n\t\t<\/section>\n\t\t\t\t<\/div>\n\t\t","protected":false},"excerpt":{"rendered":"<p>Kalite Politikam\u0131z Kalite hedeflerimize ula\u015fabilmek i\u00e7in b\u00fct\u00fcn \u00e7al\u0131\u015fanlar\u0131m\u0131za gerekli e\u011fitimleri vermek ve t\u00fcm ekibimizi motive etmek. M\u00fc\u015fteri isteklerini en iyi<\/p>\n","protected":false},"author":1,"featured_media":0,"parent":0,"menu_order":0,"comment_status":"closed","ping_status":"closed","template":"","meta":{"footnotes":""},"class_list":["post-10333","page","type-page","status-publish","hentry"],"_links":{"self":[{"href":"https:\/\/akkayaotomotiv.com.tr\/index.php\/wp-json\/wp\/v2\/pages\/10333","targetHints":{"allow":["GET"]}}],"collection":[{"href":"https:\/\/akkayaotomotiv.com.tr\/index.php\/wp-json\/wp\/v2\/pages"}],"about":[{"href":"https:\/\/akkayaotomotiv.com.tr\/index.php\/wp-json\/wp\/v2\/types\/page"}],"author":[{"embeddable":true,"href":"https:\/\/akkayaotomotiv.com.tr\/index.php\/wp-json\/wp\/v2\/users\/1"}],"replies":[{"embeddable":true,"href":"https:\/\/akkayaotomotiv.com.tr\/index.php\/wp-json\/wp\/v2\/comments?post=10333"}],"version-history":[{"count":13,"href":"https:\/\/akkayaotomotiv.com.tr\/index.php\/wp-json\/wp\/v2\/pages\/10333\/revisions"}],"predecessor-version":[{"id":10940,"href":"https:\/\/akkayaotomotiv.com.tr\/index.php\/wp-json\/wp\/v2\/pages\/10333\/revisions\/10940"}],"wp:attachment":[{"href":"https:\/\/akkayaotomotiv.com.tr\/index.php\/wp-json\/wp\/v2\/media?parent=10333"}],"curies":[{"name":"wp","href":"https:\/\/api.w.org\/{rel}","templated":true}]}}