{"id":10328,"date":"2023-06-07T12:58:47","date_gmt":"2023-06-07T09:58:47","guid":{"rendered":"http:\/\/demositelerim.biz.tr\/akkaya\/?page_id=10328"},"modified":"2023-06-07T12:59:41","modified_gmt":"2023-06-07T09:59:41","slug":"misyonumuz","status":"publish","type":"page","link":"https:\/\/akkayaotomotiv.com.tr\/index.php\/misyonumuz\/","title":{"rendered":"Misyonumuz"},"content":{"rendered":"\t\t<div data-elementor-type=\"wp-page\" data-elementor-id=\"10328\" class=\"elementor elementor-10328\" data-elementor-post-type=\"page\">\n\t\t\t\t\t\t<section class=\"wd-negative-gap elementor-section elementor-top-section elementor-element elementor-element-30f4b337 elementor-section-content-middle wd-section-stretch elementor-section-height-min-height elementor-section-boxed elementor-section-height-default elementor-section-items-middle\" data-id=\"30f4b337\" data-element_type=\"section\" data-settings=\"{&quot;background_background&quot;:&quot;classic&quot;}\">\n\t\t\t\t\t\t\t<div class=\"elementor-background-overlay\"><\/div>\n\t\t\t\t\t\t\t<div class=\"elementor-container elementor-column-gap-default\">\n\t\t\t\t\t<div class=\"elementor-column elementor-col-100 elementor-top-column elementor-element elementor-element-709130a2\" data-id=\"709130a2\" data-element_type=\"column\">\n\t\t\t<div class=\"elementor-widget-wrap elementor-element-populated\">\n\t\t\t\t\t\t\t<\/div>\n\t\t<\/div>\n\t\t\t\t\t<\/div>\n\t\t<\/section>\n\t\t\t\t<section class=\"wd-negative-gap elementor-section elementor-top-section elementor-element elementor-element-2194903 wd-section-stretch elementor-section-boxed elementor-section-height-default elementor-section-height-default\" data-id=\"2194903\" data-element_type=\"section\">\n\t\t\t\t\t\t<div class=\"elementor-container elementor-column-gap-default\">\n\t\t\t\t\t<div class=\"elementor-column elementor-col-50 elementor-top-column elementor-element elementor-element-8b671e2\" data-id=\"8b671e2\" data-element_type=\"column\">\n\t\t\t<div class=\"elementor-widget-wrap elementor-element-populated\">\n\t\t\t\t\t\t<div class=\"elementor-element elementor-element-a055d63 elementor-widget elementor-widget-wd_text_block\" data-id=\"a055d63\" data-element_type=\"widget\" data-widget_type=\"wd_text_block.default\">\n\t\t\t\t<div class=\"elementor-widget-container\">\n\t\t\t\t\t\t<link rel=\"stylesheet\" id=\"wd-text-block-css\" href=\"https:\/\/akkayaotomotiv.com.tr\/wp-content\/themes\/woodmart\/css\/parts\/el-text-block.min.css?ver=7.1.4\" type=\"text\/css\" media=\"all\" \/> \t\t\t\t\t<div class=\"wd-text-block reset-last-child text-left\">\n\t\t\t\n\t\t\t<p>Akkaya Otomotiv olarak, m\u00fc\u015fterilerimize otomobil yedek par\u00e7alar\u0131 konusunda m\u00fckemmeliyeti sunmay\u0131 misyon edinmi\u015f bir firmay\u0131z. M\u00fc\u015fteri memnuniyetini en \u00fcst d\u00fczeyde tutarak, sekt\u00f6rde kalite ve g\u00fcvenilirlik standartlar\u0131n\u0131 belirleyen bir marka olmay\u0131 hedefliyoruz.<\/p><p>Misyonumuz, m\u00fc\u015fterilerimizin ihtiya\u00e7lar\u0131n\u0131 kar\u015f\u0131lamak ve onlara y\u00fcksek kaliteli yedek par\u00e7a \u00e7\u00f6z\u00fcmleri sunmakt\u0131r. Bu do\u011frultuda, geni\u015f \u00fcr\u00fcn yelpazemiz ve g\u00fcvenilir tedarik\u00e7i a\u011f\u0131m\u0131zla, m\u00fc\u015fterilerimize arad\u0131klar\u0131 par\u00e7alar\u0131 zaman\u0131nda ve uygun fiyatlarla temin etmeyi taahh\u00fct ediyoruz.<\/p><p>M\u00fc\u015fteri odakl\u0131 bir yakla\u015f\u0131mla, profesyonel ve deneyimli ekibimizle her m\u00fc\u015fteriye bireysel ve ki\u015fiselle\u015ftirilmi\u015f hizmet sunmay\u0131 hedefliyoruz. Uzmanl\u0131k, h\u0131zl\u0131 yan\u0131t verme ve sorunlar\u0131 \u00e7\u00f6zme konular\u0131nda m\u00fckemmeliyeti hedefleyerek, m\u00fc\u015fterilerimizin g\u00fcvenini kazanmay\u0131 ve uzun vadeli i\u015f ili\u015fkileri kurmay\u0131 ama\u00e7l\u0131yoruz.<\/p>\n\t\t\t\t\t<\/div>\n\t\t\t\t<\/div>\n\t\t\t\t<\/div>\n\t\t\t\t\t<\/div>\n\t\t<\/div>\n\t\t\t\t<div class=\"elementor-column elementor-col-50 elementor-top-column elementor-element elementor-element-a1ff1b0\" data-id=\"a1ff1b0\" data-element_type=\"column\">\n\t\t\t<div class=\"elementor-widget-wrap elementor-element-populated\">\n\t\t\t\t\t\t<div class=\"elementor-element elementor-element-f6d53d3 elementor-widget elementor-widget-video\" data-id=\"f6d53d3\" data-element_type=\"widget\" data-settings=\"{&quot;video_type&quot;:&quot;hosted&quot;,&quot;autoplay&quot;:&quot;yes&quot;,&quot;play_on_mobile&quot;:&quot;yes&quot;,&quot;loop&quot;:&quot;yes&quot;}\" data-widget_type=\"video.default\">\n\t\t\t\t<div class=\"elementor-widget-container\">\n\t\t\t\t\t<div class=\"e-hosted-video elementor-wrapper elementor-open-inline\">\n\t\t\t\t\t<video class=\"elementor-video\" src=\"https:\/\/akkayaotomotiv.com.tr\/wp-content\/uploads\/2023\/06\/misyonumuz.mp4\" autoplay=\"\" loop=\"\" playsinline=\"\" controlsList=\"nodownload\"><\/video>\n\t\t\t\t<\/div>\n\t\t\t\t<\/div>\n\t\t\t\t<\/div>\n\t\t\t\t\t<\/div>\n\t\t<\/div>\n\t\t\t\t\t<\/div>\n\t\t<\/section>\n\t\t\t\t<section class=\"wd-negative-gap elementor-section elementor-top-section elementor-element elementor-element-d4f3a69 wd-section-stretch elementor-section-boxed elementor-section-height-default elementor-section-height-default\" data-id=\"d4f3a69\" data-element_type=\"section\">\n\t\t\t\t\t\t<div class=\"elementor-container elementor-column-gap-default\">\n\t\t\t\t\t<div class=\"elementor-column elementor-col-100 elementor-top-column elementor-element elementor-element-aa9988a\" data-id=\"aa9988a\" data-element_type=\"column\">\n\t\t\t<div class=\"elementor-widget-wrap elementor-element-populated\">\n\t\t\t\t\t\t<div class=\"elementor-element elementor-element-230dec0 elementor-widget elementor-widget-wd_text_block\" data-id=\"230dec0\" data-element_type=\"widget\" data-widget_type=\"wd_text_block.default\">\n\t\t\t\t<div class=\"elementor-widget-container\">\n\t\t\t\t\t<div class=\"wd-text-block reset-last-child text-left\">\n\t\t\t\n\t\t\t<p>Kalite, g\u00fcvenilirlik ve g\u00fc\u00e7l\u00fc i\u015f ahlak\u0131 de\u011ferlerini misyonumuzun temelini olu\u015fturuyoruz. Tedarik etti\u011fimiz yedek par\u00e7alar\u0131n kalitesini s\u00fcrekli olarak denetler ve m\u00fc\u015fterilerimize sadece en \u00fcst kalite \u00fcr\u00fcnleri sunmaya \u00f6zen g\u00f6steririz. Ayn\u0131 zamanda, i\u015f s\u00fcre\u00e7lerimizde \u015feffafl\u0131\u011f\u0131 ve d\u00fcr\u00fcstl\u00fc\u011f\u00fc koruyarak, m\u00fc\u015fterilerimizin bize duyduklar\u0131 g\u00fcveni sarsmadan hareket etmeyi ilke ediniriz.<\/p><p>S\u00fcrd\u00fcr\u00fclebilirlik, \u00e7evre dostu uygulamalar ve toplumsal sorumluluk da misyonumuzun bir par\u00e7as\u0131d\u0131r. \u00c7evremizin korunmas\u0131, at\u0131k y\u00f6netimi ve enerji verimlili\u011fi gibi konularda aktif olarak sorumluluk al\u0131r\u0131z. Ayn\u0131 zamanda, toplumumuzun ihtiya\u00e7lar\u0131na duyarl\u0131l\u0131k g\u00f6stererek, sosyal projelere kat\u0131l\u0131m ve destek sa\u011flar\u0131z.<\/p><p>Akkaya Otomotiv olarak, sekt\u00f6rde liderli\u011fimizi s\u00fcrd\u00fcrerek m\u00fc\u015fterilerimize de\u011fer katmay\u0131 ve s\u00fcrekli olarak m\u00fckemmeliyeti hedeflemeyi s\u00fcrd\u00fcrece\u011fiz. Misyonumuz, otomobil yedek par\u00e7a sekt\u00f6r\u00fcnde g\u00fcvenilir bir marka olarak bilinmek ve m\u00fc\u015fterilerimizin ilk tercihi olmakt\u0131r.<\/p>\n\t\t\t\t\t<\/div>\n\t\t\t\t<\/div>\n\t\t\t\t<\/div>\n\t\t\t\t\t<\/div>\n\t\t<\/div>\n\t\t\t\t\t<\/div>\n\t\t<\/section>\n\t\t\t\t<\/div>\n\t\t","protected":false},"excerpt":{"rendered":"<p>Akkaya Otomotiv olarak, m\u00fc\u015fterilerimize otomobil yedek par\u00e7alar\u0131 konusunda m\u00fckemmeliyeti sunmay\u0131 misyon edinmi\u015f bir firmay\u0131z. M\u00fc\u015fteri memnuniyetini en \u00fcst d\u00fczeyde tutarak,<\/p>\n","protected":false},"author":1,"featured_media":0,"parent":0,"menu_order":0,"comment_status":"closed","ping_status":"closed","template":"","meta":{"footnotes":""},"class_list":["post-10328","page","type-page","status-publish","hentry"],"_links":{"self":[{"href":"https:\/\/akkayaotomotiv.com.tr\/index.php\/wp-json\/wp\/v2\/pages\/10328","targetHints":{"allow":["GET"]}}],"collection":[{"href":"https:\/\/akkayaotomotiv.com.tr\/index.php\/wp-json\/wp\/v2\/pages"}],"about":[{"href":"https:\/\/akkayaotomotiv.com.tr\/index.php\/wp-json\/wp\/v2\/types\/page"}],"author":[{"embeddable":true,"href":"https:\/\/akkayaotomotiv.com.tr\/index.php\/wp-json\/wp\/v2\/users\/1"}],"replies":[{"embeddable":true,"href":"https:\/\/akkayaotomotiv.com.tr\/index.php\/wp-json\/wp\/v2\/comments?post=10328"}],"version-history":[{"count":3,"href":"https:\/\/akkayaotomotiv.com.tr\/index.php\/wp-json\/wp\/v2\/pages\/10328\/revisions"}],"predecessor-version":[{"id":10332,"href":"https:\/\/akkayaotomotiv.com.tr\/index.php\/wp-json\/wp\/v2\/pages\/10328\/revisions\/10332"}],"wp:attachment":[{"href":"https:\/\/akkayaotomotiv.com.tr\/index.php\/wp-json\/wp\/v2\/media?parent=10328"}],"curies":[{"name":"wp","href":"https:\/\/api.w.org\/{rel}","templated":true}]}}