{"id":10310,"date":"2023-06-05T00:33:37","date_gmt":"2023-06-04T21:33:37","guid":{"rendered":"http:\/\/demositelerim.biz.tr\/akkaya\/?page_id=10310"},"modified":"2023-06-07T12:56:29","modified_gmt":"2023-06-07T09:56:29","slug":"vizyonumuz","status":"publish","type":"page","link":"https:\/\/akkayaotomotiv.com.tr\/index.php\/vizyonumuz\/","title":{"rendered":"Vizyonumuz"},"content":{"rendered":"\t\t<div data-elementor-type=\"wp-page\" data-elementor-id=\"10310\" class=\"elementor elementor-10310\" data-elementor-post-type=\"page\">\n\t\t\t\t\t\t<section class=\"wd-negative-gap elementor-section elementor-top-section elementor-element elementor-element-30f4b337 elementor-section-content-middle wd-section-stretch elementor-section-height-min-height elementor-section-boxed elementor-section-height-default elementor-section-items-middle\" data-id=\"30f4b337\" data-element_type=\"section\" data-settings=\"{&quot;background_background&quot;:&quot;classic&quot;}\">\n\t\t\t\t\t\t\t<div class=\"elementor-background-overlay\"><\/div>\n\t\t\t\t\t\t\t<div class=\"elementor-container elementor-column-gap-default\">\n\t\t\t\t\t<div class=\"elementor-column elementor-col-100 elementor-top-column elementor-element elementor-element-709130a2\" data-id=\"709130a2\" data-element_type=\"column\">\n\t\t\t<div class=\"elementor-widget-wrap elementor-element-populated\">\n\t\t\t\t\t\t\t<\/div>\n\t\t<\/div>\n\t\t\t\t\t<\/div>\n\t\t<\/section>\n\t\t\t\t<section class=\"wd-negative-gap elementor-section elementor-top-section elementor-element elementor-element-2194903 wd-section-stretch elementor-section-boxed elementor-section-height-default elementor-section-height-default\" data-id=\"2194903\" data-element_type=\"section\">\n\t\t\t\t\t\t<div class=\"elementor-container elementor-column-gap-default\">\n\t\t\t\t\t<div class=\"elementor-column elementor-col-50 elementor-top-column elementor-element elementor-element-8b671e2\" data-id=\"8b671e2\" data-element_type=\"column\">\n\t\t\t<div class=\"elementor-widget-wrap elementor-element-populated\">\n\t\t\t\t\t\t<div class=\"elementor-element elementor-element-a055d63 elementor-widget elementor-widget-wd_text_block\" data-id=\"a055d63\" data-element_type=\"widget\" data-widget_type=\"wd_text_block.default\">\n\t\t\t\t<div class=\"elementor-widget-container\">\n\t\t\t\t\t\t<link rel=\"stylesheet\" id=\"wd-text-block-css\" href=\"https:\/\/akkayaotomotiv.com.tr\/wp-content\/themes\/woodmart\/css\/parts\/el-text-block.min.css?ver=7.1.4\" type=\"text\/css\" media=\"all\" \/> \t\t\t\t\t<div class=\"wd-text-block reset-last-child text-left\">\n\t\t\t\n\t\t\t<p>Akkaya Otomotiv olarak, otomobil yedek par\u00e7a sekt\u00f6r\u00fcnde \u00f6nc\u00fc bir rol \u00fcstlenmeyi ve m\u00fc\u015fterilerimize en y\u00fcksek kalitede \u00fcr\u00fcnler ve hizmetler sunmay\u0131 hedefliyoruz. Vizyonumuz, m\u00fc\u015fteri memnuniyetini her \u015feyin \u00fcst\u00fcnde tutarak sekt\u00f6rdeki \u00f6nc\u00fc konumumuzu g\u00fc\u00e7lendirmektir.<\/p><p>M\u00fc\u015fterilerimiz i\u00e7in kesintisiz bir deneyim sa\u011flamak ad\u0131na s\u00fcrekli olarak geli\u015fiyor, yenilik\u00e7i \u00e7\u00f6z\u00fcmler sunuyor ve sekt\u00f6r trendlerini yak\u0131ndan takip ediyoruz. Amac\u0131m\u0131z, m\u00fc\u015fterilerimize en iyi \u00fcr\u00fcnleri en uygun fiyatlarla sunmak ve onlar\u0131n ihtiya\u00e7lar\u0131n\u0131 en iyi \u015fekilde kar\u015f\u0131lamakt\u0131r.<\/p><p>Kalite, g\u00fcvenilirlik ve d\u00fcr\u00fcstl\u00fck de\u011ferlerimizin temelini olu\u015ftururken, \u00e7evre dostu ve s\u00fcrd\u00fcr\u00fclebilir uygulamalara da b\u00fcy\u00fck \u00f6nem veriyoruz. \u0130\u015fimizi y\u00fcr\u00fct\u00fcrken, do\u011fal kaynaklar\u0131 korumak, enerji verimlili\u011fini art\u0131rmak ve \u00e7evreye olan etkimizi en aza indirmek i\u00e7in \u00e7aba sarf ediyoruz. Bu \u015fekilde, sadece m\u00fc\u015fterilerimizin de\u011fil, ayn\u0131 zamanda toplumun ve gelecek nesillerin de yarar\u0131n\u0131 g\u00f6zetiyoruz.<\/p>\n\t\t\t\t\t<\/div>\n\t\t\t\t<\/div>\n\t\t\t\t<\/div>\n\t\t\t\t\t<\/div>\n\t\t<\/div>\n\t\t\t\t<div class=\"elementor-column elementor-col-50 elementor-top-column elementor-element elementor-element-a1ff1b0\" data-id=\"a1ff1b0\" data-element_type=\"column\">\n\t\t\t<div class=\"elementor-widget-wrap elementor-element-populated\">\n\t\t\t\t\t\t<div class=\"elementor-element elementor-element-f6d53d3 elementor-widget elementor-widget-video\" data-id=\"f6d53d3\" data-element_type=\"widget\" data-settings=\"{&quot;video_type&quot;:&quot;hosted&quot;,&quot;autoplay&quot;:&quot;yes&quot;,&quot;play_on_mobile&quot;:&quot;yes&quot;,&quot;loop&quot;:&quot;yes&quot;}\" data-widget_type=\"video.default\">\n\t\t\t\t<div class=\"elementor-widget-container\">\n\t\t\t\t\t<div class=\"e-hosted-video elementor-wrapper elementor-open-inline\">\n\t\t\t\t\t<video class=\"elementor-video\" src=\"https:\/\/akkayaotomotiv.com.tr\/wp-content\/uploads\/2023\/06\/vizyonumuz.mp4\" autoplay=\"\" loop=\"\" playsinline=\"\" controlsList=\"nodownload\"><\/video>\n\t\t\t\t<\/div>\n\t\t\t\t<\/div>\n\t\t\t\t<\/div>\n\t\t\t\t\t<\/div>\n\t\t<\/div>\n\t\t\t\t\t<\/div>\n\t\t<\/section>\n\t\t\t\t<section class=\"wd-negative-gap elementor-section elementor-top-section elementor-element elementor-element-d4f3a69 wd-section-stretch elementor-section-boxed elementor-section-height-default elementor-section-height-default\" data-id=\"d4f3a69\" data-element_type=\"section\">\n\t\t\t\t\t\t<div class=\"elementor-container elementor-column-gap-default\">\n\t\t\t\t\t<div class=\"elementor-column elementor-col-100 elementor-top-column elementor-element elementor-element-aa9988a\" data-id=\"aa9988a\" data-element_type=\"column\">\n\t\t\t<div class=\"elementor-widget-wrap elementor-element-populated\">\n\t\t\t\t\t\t<div class=\"elementor-element elementor-element-230dec0 elementor-widget elementor-widget-wd_text_block\" data-id=\"230dec0\" data-element_type=\"widget\" data-widget_type=\"wd_text_block.default\">\n\t\t\t\t<div class=\"elementor-widget-container\">\n\t\t\t\t\t<div class=\"wd-text-block reset-last-child text-left\">\n\t\t\t\n\t\t\t<p>\u00c7al\u0131\u015fanlar\u0131m\u0131z\u0131n profesyonel ve ki\u015fisel geli\u015fimini desteklemek, onlar\u0131 en son teknoloji ve sekt\u00f6r bilgileriyle donatmak ve ekip \u00e7al\u0131\u015fmas\u0131n\u0131 te\u015fvik etmek de \u00f6nceliklerimiz aras\u0131ndad\u0131r. G\u00fc\u00e7l\u00fc ve motive bir ekip, i\u015fimizin kalitesini ve ba\u015far\u0131s\u0131n\u0131 garanti ederken, m\u00fc\u015fterilerimize daha iyi bir hizmet sunmam\u0131za olanak sa\u011flar.<\/p><p>Akkaya Otomotiv olarak, sekt\u00f6rde lider olman\u0131n yan\u0131 s\u0131ra toplumumuzun bir par\u00e7as\u0131 olmaktan da gurur duyuyoruz. Sosyal sorumluluk projelerine aktif olarak kat\u0131l\u0131yor, toplumun ihtiya\u00e7lar\u0131na duyarl\u0131l\u0131\u011f\u0131m\u0131z\u0131 g\u00f6steriyoruz. \u0130yi bir \u015firket vatanda\u015f\u0131 olmak i\u00e7in \u00e7abalarken, sadece m\u00fc\u015fterilerimize de\u011fil, ayn\u0131 zamanda \u00e7al\u0131\u015fanlar\u0131m\u0131za, tedarik\u00e7ilerimize ve payda\u015flar\u0131m\u0131za da de\u011fer veriyoruz.<\/p><p>Hedefimiz, otomobil yedek par\u00e7a sekt\u00f6r\u00fcnde referans noktas\u0131 olmak ve m\u00fc\u015fterilerimizin en g\u00fcvendi\u011fi ve tercih etti\u011fi \u015firket olmakt\u0131r. S\u00fcrekli geli\u015fen ve de\u011fi\u015fen pazarda, m\u00fc\u015fteri odakl\u0131 yakla\u015f\u0131m\u0131m\u0131z\u0131 s\u00fcrd\u00fcrerek sekt\u00f6rdeki liderli\u011fimizi sa\u011flamla\u015ft\u0131rmay\u0131 ve her zaman en iyisini yapmay\u0131 taahh\u00fct ediyoruz.<\/p><p>Akkaya Otomotiv olarak, tutkulu ve yenilik\u00e7i bir ekip olarak gelece\u011fe odaklan\u0131yoruz. M\u00fc\u015fterilerimizin ihtiya\u00e7lar\u0131n\u0131 kar\u015f\u0131lamak ve onlar\u0131n g\u00fcvenini kazanmak i\u00e7in \u00e7al\u0131\u015fmaktan gurur duyuyoruz. Birlikte b\u00fcy\u00fcyerek, ba\u015far\u0131y\u0131 yakalayaca\u011f\u0131m\u0131za inan\u0131yoruz ve otomobil yedek par\u00e7a sekt\u00f6r\u00fcndeki \u00f6nc\u00fcl\u00fc\u011f\u00fcm\u00fcz\u00fc s\u00fcrd\u00fcrmek i\u00e7in kararl\u0131y\u0131z.<\/p>\n\t\t\t\t\t<\/div>\n\t\t\t\t<\/div>\n\t\t\t\t<\/div>\n\t\t\t\t\t<\/div>\n\t\t<\/div>\n\t\t\t\t\t<\/div>\n\t\t<\/section>\n\t\t\t\t<\/div>\n\t\t","protected":false},"excerpt":{"rendered":"<p>Akkaya Otomotiv olarak, otomobil yedek par\u00e7a sekt\u00f6r\u00fcnde \u00f6nc\u00fc bir rol \u00fcstlenmeyi ve m\u00fc\u015fterilerimize en y\u00fcksek kalitede \u00fcr\u00fcnler ve hizmetler sunmay\u0131<\/p>\n","protected":false},"author":1,"featured_media":0,"parent":0,"menu_order":0,"comment_status":"closed","ping_status":"closed","template":"","meta":{"footnotes":""},"class_list":["post-10310","page","type-page","status-publish","hentry"],"_links":{"self":[{"href":"https:\/\/akkayaotomotiv.com.tr\/index.php\/wp-json\/wp\/v2\/pages\/10310","targetHints":{"allow":["GET"]}}],"collection":[{"href":"https:\/\/akkayaotomotiv.com.tr\/index.php\/wp-json\/wp\/v2\/pages"}],"about":[{"href":"https:\/\/akkayaotomotiv.com.tr\/index.php\/wp-json\/wp\/v2\/types\/page"}],"author":[{"embeddable":true,"href":"https:\/\/akkayaotomotiv.com.tr\/index.php\/wp-json\/wp\/v2\/users\/1"}],"replies":[{"embeddable":true,"href":"https:\/\/akkayaotomotiv.com.tr\/index.php\/wp-json\/wp\/v2\/comments?post=10310"}],"version-history":[{"count":4,"href":"https:\/\/akkayaotomotiv.com.tr\/index.php\/wp-json\/wp\/v2\/pages\/10310\/revisions"}],"predecessor-version":[{"id":10320,"href":"https:\/\/akkayaotomotiv.com.tr\/index.php\/wp-json\/wp\/v2\/pages\/10310\/revisions\/10320"}],"wp:attachment":[{"href":"https:\/\/akkayaotomotiv.com.tr\/index.php\/wp-json\/wp\/v2\/media?parent=10310"}],"curies":[{"name":"wp","href":"https:\/\/api.w.org\/{rel}","templated":true}]}}